{"id":28944,"date":"2020-06-12T14:58:54","date_gmt":"2020-06-12T14:58:54","guid":{"rendered":"https:\/\/naturapura.club\/quienes-somos\/"},"modified":"2020-10-14T15:35:42","modified_gmt":"2020-10-14T15:35:42","slug":"quienes-somos","status":"publish","type":"page","link":"https:\/\/naturapura.club\/es\/quienes-somos\/","title":{"rendered":"Qui\u00e9nes somos"},"content":{"rendered":"\n<div class=\"row\"  id=\"row-342590427\">\n\n\n\t<div id=\"col-794771404\" class=\"col medium-1 small-12 large-1\"  >\n\t\t\t\t<div class=\"col-inner\"  >\n\t\t\t\n\t\t\t\n\n\n\t\t<\/div>\n\t\t\t\t\t<\/div>\n\n\t\n\n\t<div id=\"col-1803430683\" class=\"col medium-10 small-12 large-10\"  >\n\t\t\t\t<div class=\"col-inner\"  >\n\t\t\t\n\t\t\t\n\n<h2><strong>Qui\u00e9nes somos<\/strong><\/h2>\r\n<p style=\"text-align: justify;\">El nacimiento de un beb\u00e9 es un evento \u00fanico y para que sus primeros meses de vida sean c\u00f3modos y seguros naci\u00f3 NaturaPura en 1999.<\/p>\r\n<p style=\"text-align: justify;\">Una marca que pone la <strong>salud del beb\u00e9<\/strong> en primer lugar, utilizando solo <a href=\"https:\/\/naturapura.eu\/es\/nuestro-algodon-organico-para-bebe\/\"><strong>100% algod\u00f3n org\u00e1nico, sin te\u00f1ir, ultra natural y libre de qu\u00edmicos<\/strong><\/a>.<\/p>\r\n<p style=\"text-align: justify;\">Nuestra ropa es ideal para la piel m\u00e1s sensible, pero no solo.<\/p>\r\n<p style=\"text-align: justify;\">Nuestros art\u00edculos est\u00e1n <strong>certificados<\/strong> con la <a href=\"https:\/\/naturapura.eu\/es\/eu-ecolabel-y-pruebas-dermatologicas\/\">etiqueta ecol\u00f3gica europea<\/a> y se <a href=\"https:\/\/naturapura.eu\/es\/eu-ecolabel-y-pruebas-dermatologicas\/\">prueban dermatol\u00f3gicamente<\/a>, demostrando as\u00ed que no contienen productos t\u00f3xicos, evitando cualquier irritaci\u00f3n en la piel del beb\u00e9.<\/p>\r\n<p style=\"text-align: justify;\">Adem\u00e1s, tienen varias caracter\u00edsticas importantes, como que est\u00e1n cosidos solo con hilos 100% algod\u00f3n, las etiquetas est\u00e1n cosidas en el exterior de las piezas y algunos de nuestros art\u00edculos no tienen costuras.<\/p>\r\n<p style=\"text-align: justify;\">Especificidades y detalles que contribuyen en gran medida <strong>al bienestar y la comodidad de su beb\u00e9<\/strong>.<\/p>\r\n<p style=\"text-align: justify;\">Con <strong>NaturaPura<\/strong> la <strong>piel y la salud<\/strong> de su beb\u00e9 siempre estar\u00e1n protegidas. \u00a1Y el planeta tambi\u00e9n!<\/p>\n\n\t\t<\/div>\n\t\t\t\t\t<\/div>\n\n\t\n\n<\/div>\n","protected":false},"excerpt":{"rendered":"","protected":false},"author":18,"featured_media":0,"parent":0,"menu_order":0,"comment_status":"closed","ping_status":"closed","template":"","meta":{"footnotes":""},"class_list":["post-28944","page","type-page","status-publish","hentry"],"jetpack_sharing_enabled":true,"_links":{"self":[{"href":"https:\/\/naturapura.club\/es\/wp-json\/wp\/v2\/pages\/28944","targetHints":{"allow":["GET"]}}],"collection":[{"href":"https:\/\/naturapura.club\/es\/wp-json\/wp\/v2\/pages"}],"about":[{"href":"https:\/\/naturapura.club\/es\/wp-json\/wp\/v2\/types\/page"}],"author":[{"embeddable":true,"href":"https:\/\/naturapura.club\/es\/wp-json\/wp\/v2\/users\/18"}],"replies":[{"embeddable":true,"href":"https:\/\/naturapura.club\/es\/wp-json\/wp\/v2\/comments?post=28944"}],"version-history":[{"count":0,"href":"https:\/\/naturapura.club\/es\/wp-json\/wp\/v2\/pages\/28944\/revisions"}],"wp:attachment":[{"href":"https:\/\/naturapura.club\/es\/wp-json\/wp\/v2\/media?parent=28944"}],"curies":[{"name":"wp","href":"https:\/\/api.w.org\/{rel}","templated":true}]}}