{"id":28958,"date":"2020-06-12T15:10:15","date_gmt":"2020-06-12T15:10:15","guid":{"rendered":"https:\/\/naturapura.club\/resolucion-de-conflictos-2\/"},"modified":"2020-06-16T12:52:05","modified_gmt":"2020-06-16T12:52:05","slug":"resolucion-de-conflictos-2","status":"publish","type":"page","link":"https:\/\/naturapura.club\/es\/resolucion-de-conflictos-2\/","title":{"rendered":"Resoluci\u00f3n de conflictos"},"content":{"rendered":"<div class=\"row\"  id=\"row-1828743978\">\r\n\r\n\n\t<div id=\"col-1682220160\" class=\"col medium-1 small-12 large-1\"  >\n\t\t\t\t<div class=\"col-inner\"  >\n\t\t\t\n\t\t\t\r\n\r\n\t\t<\/div>\n\t\t\t\t\t<\/div>\n\n\t\r\n\n\t<div id=\"col-516799121\" class=\"col medium-10 small-12 large-10\"  >\n\t\t\t\t<div class=\"col-inner\"  >\n\t\t\t\n\t\t\t\r\n<h2>Conflict resolution<\/h2>\r\n<h3>Disputas \u200b<\/h3>\r\nEn caso de queja\/reclamaci\u00f3n, se buscar\u00e1 una resoluci\u00f3n amistosa antes de iniciar cualquier acci\u00f3n legal.\r\n\r\nPara esto, le pedimos que se comunique, por favor, con el Servicio de Atenci\u00f3n al Cliente, enviando un e-mail a la siguiente direcci\u00f3n de correo electr\u00f3nico:\u00a0<a href=\"mailto:eshop@naturapura.com\">eshop@naturapura.com<\/a>.\r\n\r\n\t\t<\/div>\n\t\t\t\t\t<\/div>\n\n\t\r\n\r\n<\/div>","protected":false},"excerpt":{"rendered":"","protected":false},"author":18,"featured_media":0,"parent":0,"menu_order":0,"comment_status":"closed","ping_status":"closed","template":"","meta":{"footnotes":""},"class_list":["post-28958","page","type-page","status-publish","hentry"],"jetpack_sharing_enabled":true,"_links":{"self":[{"href":"https:\/\/naturapura.club\/es\/wp-json\/wp\/v2\/pages\/28958","targetHints":{"allow":["GET"]}}],"collection":[{"href":"https:\/\/naturapura.club\/es\/wp-json\/wp\/v2\/pages"}],"about":[{"href":"https:\/\/naturapura.club\/es\/wp-json\/wp\/v2\/types\/page"}],"author":[{"embeddable":true,"href":"https:\/\/naturapura.club\/es\/wp-json\/wp\/v2\/users\/18"}],"replies":[{"embeddable":true,"href":"https:\/\/naturapura.club\/es\/wp-json\/wp\/v2\/comments?post=28958"}],"version-history":[{"count":0,"href":"https:\/\/naturapura.club\/es\/wp-json\/wp\/v2\/pages\/28958\/revisions"}],"wp:attachment":[{"href":"https:\/\/naturapura.club\/es\/wp-json\/wp\/v2\/media?parent=28958"}],"curies":[{"name":"wp","href":"https:\/\/api.w.org\/{rel}","templated":true}]}}