{"id":28968,"date":"2020-06-12T15:20:08","date_gmt":"2020-06-12T15:20:08","guid":{"rendered":"https:\/\/naturapura.club\/contacto-2\/"},"modified":"2020-11-16T10:13:31","modified_gmt":"2020-11-16T10:13:31","slug":"contacto-2","status":"publish","type":"page","link":"https:\/\/naturapura.club\/es\/contacto-2\/","title":{"rendered":"Contacto"},"content":{"rendered":"\n<div class=\"row\"  id=\"row-2007787955\">\n\n\n\t<div id=\"col-1427006073\" class=\"col medium-1 small-12 large-1\"  >\n\t\t\t\t<div class=\"col-inner\"  >\n\t\t\t\n\t\t\t\n\n\n\t\t<\/div>\n\t\t\t\t\t<\/div>\n\n\t\n\n\t<div id=\"col-1046057907\" class=\"col medium-10 small-12 large-10\"  >\n\t\t\t\t<div class=\"col-inner\"  >\n\t\t\t\n\t\t\t\n\n<h2><strong>Contacto<\/strong><\/h2>\r\n<h3>Tienda online<\/h3>\r\n<p style=\"text-align: justify;\">Para cualquier asunto relacionado con la tienda en l\u00ednea, por favor p\u00f3ngase en contacto con nosotros por correo electr\u00f3nico en:\u00a0<a href=\"mailto:eshop@naturapura.com\">customer.service@naturapura.eu<\/a><\/p>\r\n<h3><strong>Otros temas<\/strong><\/h3>\r\n<p style=\"text-align: justify;\">Para asuntos relacionados con las Tiendas Multimarca: <a href=\"mailto:marketing@naturapura.eu\">marketing@naturapura.eu<\/a><\/p>\r\n<h4><strong>Direcci\u00f3n<\/strong><\/h4>\r\n<p style=\"text-align: justify;\">NATURAPURA Ib\u00e9rica, Produ\u00e7\u00e3o e Com\u00e9rcio de Produtos Naturais, SA<\/p>\r\n<p style=\"text-align: justify;\">Lugar de Devesa ou Curros<\/p>\r\n<p style=\"text-align: justify;\">Parque Industrial da Pousa 24B, Pousa<\/p>\r\n<p style=\"text-align: justify;\">4755-411 Barcelos<\/p>\r\n<h4>Portugal<\/h4>\r\n<h4><strong>Tel\u00e9fono<\/strong><\/h4>\r\n<p style=\"text-align: justify;\">(+351) 253 191\u00a0529<\/p>\r\n<h4><strong>Servicio al cliente<\/strong><\/h4>\r\n<p style=\"text-align: justify;\">De lunes a viernes: 9h. a 18h. (WET).<\/p>\n\n\t\t<\/div>\n\t\t\t\t\t<\/div>\n\n\t\n\n<\/div>\n\n","protected":false},"excerpt":{"rendered":"","protected":false},"author":18,"featured_media":0,"parent":0,"menu_order":0,"comment_status":"closed","ping_status":"closed","template":"","meta":{"footnotes":""},"class_list":["post-28968","page","type-page","status-publish","hentry"],"jetpack_sharing_enabled":true,"_links":{"self":[{"href":"https:\/\/naturapura.club\/es\/wp-json\/wp\/v2\/pages\/28968","targetHints":{"allow":["GET"]}}],"collection":[{"href":"https:\/\/naturapura.club\/es\/wp-json\/wp\/v2\/pages"}],"about":[{"href":"https:\/\/naturapura.club\/es\/wp-json\/wp\/v2\/types\/page"}],"author":[{"embeddable":true,"href":"https:\/\/naturapura.club\/es\/wp-json\/wp\/v2\/users\/18"}],"replies":[{"embeddable":true,"href":"https:\/\/naturapura.club\/es\/wp-json\/wp\/v2\/comments?post=28968"}],"version-history":[{"count":0,"href":"https:\/\/naturapura.club\/es\/wp-json\/wp\/v2\/pages\/28968\/revisions"}],"wp:attachment":[{"href":"https:\/\/naturapura.club\/es\/wp-json\/wp\/v2\/media?parent=28968"}],"curies":[{"name":"wp","href":"https:\/\/api.w.org\/{rel}","templated":true}]}}