{"id":68397,"date":"2025-05-13T13:54:58","date_gmt":"2025-05-13T13:54:58","guid":{"rendered":"https:\/\/naturapura.club\/registro-2\/"},"modified":"2025-05-13T13:59:17","modified_gmt":"2025-05-13T13:59:17","slug":"registro-2","status":"publish","type":"page","link":"https:\/\/naturapura.club\/es\/registro-2\/","title":{"rendered":"Registrarse"},"content":{"rendered":"\n\n<div class=\"woocommerce\">\n\n\t<div class=\"woocommerce-notices-wrapper\"><\/div>\n\t<h2>Registrarse<\/h2>\n\n\t<form method=\"post\" class=\"woocommerce-form woocommerce-form-register register\"  >\n\n\t\t\n\t\t\n\t\t\t<p class=\"woocommerce-form-row woocommerce-form-row--wide form-row form-row-wide\">\n\t\t\t\t<label for=\"reg_username\">Nombre de usuario&nbsp;<span class=\"required\">*<\/span><\/label>\n                <input type=\"text\" class=\"woocommerce-Input woocommerce-Input--text input-text\" name=\"username\" id=\"reg_username\" autocomplete=\"username\" value=\"\" \/>\t\t\t<\/p>\n\n\t\t\n\t\t<p class=\"woocommerce-form-row woocommerce-form-row--wide form-row form-row-wide\">\n\t\t\t<label for=\"reg_email\">Direcci\u00f3n de correo electr\u00f3nico&nbsp;<span class=\"required\">*<\/span><\/label>\n            <input type=\"email\" class=\"woocommerce-Input woocommerce-Input--text input-text\" name=\"email\" id=\"reg_email\" autocomplete=\"email\" value=\"\" \/>\t\t<\/p>\n\n\t\t<p class=\"form-row validate-required\" id=\"wcwp-6257e6153d420_field\" data-priority=\"\"><label for=\"wcwp-6257e6153d420\" class=\"required_field\">Name&nbsp;<span class=\"required\" aria-hidden=\"true\">*<\/span><\/label><span class=\"woocommerce-input-wrapper\"><input type=\"text\" class=\"input-text \" name=\"wcwp-6257e6153d420\" id=\"wcwp-6257e6153d420\" placeholder=\"\"  value=\"\" aria-required=\"true\" \/><\/span><\/p><p class=\"form-row validate-required\" id=\"wcwp-6257e6153d424_field\" data-priority=\"\"><label for=\"wcwp-6257e6153d424\" class=\"required_field\">Company&nbsp;<span class=\"required\" aria-hidden=\"true\">*<\/span><\/label><span class=\"woocommerce-input-wrapper\"><input type=\"text\" class=\"input-text \" name=\"wcwp-6257e6153d424\" id=\"wcwp-6257e6153d424\" placeholder=\"\"  value=\"\" aria-required=\"true\" \/><\/span><\/p><p class=\"form-row validate-required\" id=\"wcwp-6257e6153d425_field\" data-priority=\"\"><label for=\"wcwp-6257e6153d425\" class=\"required_field\">VAT Number&nbsp;<span class=\"required\" aria-hidden=\"true\">*<\/span><\/label><span class=\"woocommerce-input-wrapper\"><input type=\"text\" class=\"input-text \" name=\"wcwp-6257e6153d425\" id=\"wcwp-6257e6153d425\" placeholder=\"\"  value=\"\" aria-required=\"true\" \/><\/span><\/p><p class=\"form-row validate-required\" id=\"wcwp-6257e6153d426_field\" data-priority=\"\"><label for=\"wcwp-6257e6153d426\" class=\"required_field\">Store Address&nbsp;<span class=\"required\" aria-hidden=\"true\">*<\/span><\/label><span class=\"woocommerce-input-wrapper\"><input type=\"text\" class=\"input-text \" name=\"wcwp-6257e6153d426\" id=\"wcwp-6257e6153d426\" placeholder=\"\"  value=\"\" aria-required=\"true\" \/><\/span><\/p><p class=\"form-row validate-required\" id=\"wcwp-6823348adae18_field\" data-priority=\"\"><label for=\"wcwp-6823348adae18\" class=\"required_field\">Country&nbsp;<span class=\"required\" aria-hidden=\"true\">*<\/span><\/label><span class=\"woocommerce-input-wrapper\"><input type=\"text\" class=\"input-text \" name=\"wcwp-6823348adae18\" id=\"wcwp-6823348adae18\" placeholder=\"\"  value=\"\" aria-required=\"true\" \/><\/span><\/p><wc-order-attribution-inputs><\/wc-order-attribution-inputs><div class=\"woocommerce-privacy-policy-text\"><\/div>\n\n\t\t\t\t\t<p>Se le enviar\u00e1 una contrase\u00f1a a su direcci\u00f3n de correo electr\u00f3nico cuando se apruebe su cuenta.<\/p>\n\t\t\n\t\t<p class=\"woocommerce-FormRow form-row\">\n\t\t\t<input type=\"hidden\" id=\"wcwp-register-nonce\" name=\"wcwp-register-nonce\" value=\"ac82094576\" \/><input type=\"hidden\" name=\"_wp_http_referer\" value=\"\/es\/wp-json\/wp\/v2\/pages\/68397\" \/>\t\t\t<button type=\"submit\" class=\"woocommerce-Button woocommerce-button button woocommerce-form-register__submit\" name=\"register\" value=\"Registrarse\">Registrarse<\/button>\n\t\t<\/p>\n\n\t\t\n\t<\/form>\n\n<\/div>\n\n<br\/>\n","protected":false},"excerpt":{"rendered":"","protected":false},"author":1,"featured_media":0,"parent":0,"menu_order":0,"comment_status":"closed","ping_status":"closed","template":"","meta":{"footnotes":""},"class_list":["post-68397","page","type-page","status-publish","hentry"],"jetpack_sharing_enabled":true,"_links":{"self":[{"href":"https:\/\/naturapura.club\/es\/wp-json\/wp\/v2\/pages\/68397","targetHints":{"allow":["GET"]}}],"collection":[{"href":"https:\/\/naturapura.club\/es\/wp-json\/wp\/v2\/pages"}],"about":[{"href":"https:\/\/naturapura.club\/es\/wp-json\/wp\/v2\/types\/page"}],"author":[{"embeddable":true,"href":"https:\/\/naturapura.club\/es\/wp-json\/wp\/v2\/users\/1"}],"replies":[{"embeddable":true,"href":"https:\/\/naturapura.club\/es\/wp-json\/wp\/v2\/comments?post=68397"}],"version-history":[{"count":0,"href":"https:\/\/naturapura.club\/es\/wp-json\/wp\/v2\/pages\/68397\/revisions"}],"wp:attachment":[{"href":"https:\/\/naturapura.club\/es\/wp-json\/wp\/v2\/media?parent=68397"}],"curies":[{"name":"wp","href":"https:\/\/api.w.org\/{rel}","templated":true}]}}