{"id":32245,"date":"2020-07-02T10:20:23","date_gmt":"2020-07-02T10:20:23","guid":{"rendered":"https:\/\/naturapura.club\/a-propos-de-nous\/"},"modified":"2020-10-14T15:35:01","modified_gmt":"2020-10-14T15:35:01","slug":"a-propos-de-nous","status":"publish","type":"page","link":"https:\/\/naturapura.club\/fr\/a-propos-de-nous\/","title":{"rendered":"\u00c0 propos de nous"},"content":{"rendered":"\n<div class=\"row\"  id=\"row-84951781\">\n\n\n\t<div id=\"col-1418863630\" class=\"col medium-1 small-12 large-1\"  >\n\t\t\t\t<div class=\"col-inner\"  >\n\t\t\t\n\t\t\t\n\n\n\t\t<\/div>\n\t\t\t\t\t<\/div>\n\n\t\n\n\t<div id=\"col-840874264\" class=\"col medium-10 small-12 large-10\"  >\n\t\t\t\t<div class=\"col-inner\"  >\n\t\t\t\n\t\t\t\n\n<h2><strong>\u00c0 propos de nous<\/strong><\/h2>\r\n<p style=\"text-align: justify;\">La naissance d\u2019un b\u00e9b\u00e9 est un \u00e9v\u00e9nement unique et c\u2019est pour rendre ses premiers mois de vie confortables et s\u00fbrs que<strong>\u00a0NaturaPura\u00a0<\/strong>est n\u00e9e en\u00a0<strong>1999<\/strong>.<\/p>\r\n<p style=\"text-align: justify;\">Une marque qui met la\u00a0<strong>sant\u00e9 du b\u00e9b\u00e9 au premier plan<\/strong>, en utilisant uniquement du\u00a0<a href=\"https:\/\/naturapura.eu\/fr\/notre-coton-biologique-pour-bebe\/\"><strong>coton 100 % biologique, non blanchi, ultra naturel<\/strong>\u00a0et\u00a0<strong>sans produits chimiques<\/strong><\/a>.<\/p>\r\n<p style=\"text-align: justify;\">Nos v\u00eatements sont id\u00e9aux pour les peaux les plus sensibles, mais pas seulement pour elles.<\/p>\r\n<p style=\"text-align: justify;\">Nos articles sont\u00a0<strong>certifi\u00e9s<\/strong>\u00a0par <a href=\"https:\/\/naturapura.eu\/fr\/ecolabel-europeen-et-tests-dermatologiques\/\">l\u2019<strong>\u00c9colabel Europ\u00e9en<\/strong><\/a>\u00a0et sont\u00a0<a href=\"https:\/\/naturapura.eu\/fr\/ecolabel-europeen-et-tests-dermatologiques\/\"><strong>test\u00e9s dermatologiquement<\/strong><\/a>, prouvant ainsi qu\u2019ils ne contiennent pas de produits toxiques et n\u2019irritent pas la peau de b\u00e9b\u00e9.<\/p>\r\n<p style=\"text-align: justify;\">En outre, ils pr\u00e9sentent plusieurs caract\u00e9ristiques importantes, comme le fait qu\u2019ils ne sont cousus qu\u2019avec du fil 100 % coton, que les \u00e9tiquettes sont cousues sur l\u2019ext\u00e9rieur des pi\u00e8ces et que certains de nos articles n\u2019ont pas de coutures.<\/p>\r\n<p style=\"text-align: justify;\">Des sp\u00e9cificit\u00e9s et des d\u00e9tails qui contribuent grandement au\u00a0<strong>bien-\u00eatre\u00a0<\/strong>et au\u00a0<strong>confort<\/strong>\u00a0de votre\u00a0<strong>b\u00e9b\u00e9<\/strong>.<\/p>\r\n<p style=\"text-align: justify;\">Avec\u00a0<strong>NaturaPura<\/strong>, la\u00a0<strong>peau<\/strong>\u00a0et la\u00a0<strong>sant\u00e9<\/strong>\u00a0<strong>de votre b\u00e9b\u00e9<\/strong>\u00a0seront toujours prot\u00e9g\u00e9es. La\u00a0<strong>plan\u00e8te<\/strong>\u00a0aussi d\u2019ailleurs!<\/p>\n\n\t\t<\/div>\n\t\t\t\t\t<\/div>\n\n\t\n\n<\/div>\n","protected":false},"excerpt":{"rendered":"","protected":false},"author":18,"featured_media":0,"parent":0,"menu_order":0,"comment_status":"closed","ping_status":"closed","template":"","meta":{"footnotes":""},"class_list":["post-32245","page","type-page","status-publish","hentry"],"jetpack_sharing_enabled":true,"_links":{"self":[{"href":"https:\/\/naturapura.club\/fr\/wp-json\/wp\/v2\/pages\/32245","targetHints":{"allow":["GET"]}}],"collection":[{"href":"https:\/\/naturapura.club\/fr\/wp-json\/wp\/v2\/pages"}],"about":[{"href":"https:\/\/naturapura.club\/fr\/wp-json\/wp\/v2\/types\/page"}],"author":[{"embeddable":true,"href":"https:\/\/naturapura.club\/fr\/wp-json\/wp\/v2\/users\/18"}],"replies":[{"embeddable":true,"href":"https:\/\/naturapura.club\/fr\/wp-json\/wp\/v2\/comments?post=32245"}],"version-history":[{"count":0,"href":"https:\/\/naturapura.club\/fr\/wp-json\/wp\/v2\/pages\/32245\/revisions"}],"wp:attachment":[{"href":"https:\/\/naturapura.club\/fr\/wp-json\/wp\/v2\/media?parent=32245"}],"curies":[{"name":"wp","href":"https:\/\/api.w.org\/{rel}","templated":true}]}}