{"id":32253,"date":"2020-07-02T10:42:11","date_gmt":"2020-07-02T10:42:11","guid":{"rendered":"https:\/\/naturapura.club\/ecolabel-europeen-et-tests-dermatologiques\/"},"modified":"2020-11-20T18:34:32","modified_gmt":"2020-11-20T18:34:32","slug":"ecolabel-europeen-et-tests-dermatologiques","status":"publish","type":"page","link":"https:\/\/naturapura.club\/fr\/ecolabel-europeen-et-tests-dermatologiques\/","title":{"rendered":"\u00c9colabel Europ\u00e9en et Tests dermatologiques"},"content":{"rendered":"\n\n\n<div class=\"row\"  id=\"row-1399333007\">\n\n\n\t<div id=\"col-1082451134\" class=\"col medium-1 small-12 large-1\"  >\n\t\t\t\t<div class=\"col-inner\"  >\n\t\t\t\n\t\t\t\n\n\n\t\t<\/div>\n\t\t\t\t\t<\/div>\n\n\t\n\n\t<div id=\"col-791671890\" class=\"col medium-10 small-12 large-10\"  >\n\t\t\t\t<div class=\"col-inner\"  >\n\t\t\t\n\t\t\t\n\n<h2><strong>\u00c9colabel Europ\u00e9en et Tests dermatologiques<\/strong><\/h2>\n<p style=\"text-align: justify;\"><strong>NaturaPura garantit,<\/strong>\u00a0gr\u00e2ce \u00e0 la certification \u00c9coLabel europ\u00e9en, que ses produits sont test\u00e9s dermatologiquement :<\/p>\n<ul style=\"text-align: justify;\">\n<li><strong>Ils ne contiennent pas de produits chimiques nocifs pour la<\/strong> sant\u00e9 de votre b\u00e9b\u00e9;<\/li>\n<li><strong>Ils ne provoquent pas d\u2019allergies aux<\/strong>\u00a0peaux sensibles.<\/li>\n<\/ul>\n<h3><strong>Label \u00e9cologique de l\u2019UE (label \u00e9cologique europ\u00e9en)<\/strong><\/h3>\n<p style=\"text-align: justify;\">Les produits\u00a0<strong>NaturaPura<\/strong>\u00a0sont certifi\u00e9s par l\u2019\u00c9colabel europ\u00e9en, l\u2019European Ecolabel<a href=\"http:\/\/ec.europa.eu\/ecat\/products\/en\/21992\/naturapura-iberica---prod\"><strong>\u00a0(Licence PT\/016\/001),<\/strong><\/a>\u00a0qui est accord\u00e9 par l\u2019Union europ\u00e9enne. Le label \u00e9cologique garantit que la production r\u00e9pond \u00e0 des crit\u00e8res et \u00e0 des performances \u00e9cologiques stricts.<\/p>\n<p style=\"text-align: justify;\">Le label \u00e9cologique europ\u00e9en<strong>\u00a0(EU-\u00c9colabel)<\/strong>\u00a0distingue les produits et services respectueux de l\u2019<strong>environnement, les<\/strong>\u00a0proc\u00e9d\u00e9s durables et amis de l\u2019environnement et pour pouvoir obtenir le\u00a0<strong>label<\/strong>,\u00a0<strong>NaturaPura a d\u00fb<\/strong>\u00a0<strong>certifier:<\/strong><\/p>\n<ul style=\"text-align: justify;\">\n<li>La limitation de l\u2019utilisation de substances qui ont des effets nocifs sur l\u2019air et l\u2019eau lors de la production de fibres ;<\/li>\n<li>La r\u00e9duction efficace du risque des r\u00e9actions allergiques (tr\u00e8s important pour la\u00a0<strong>peau sensible des\u00a0<\/strong><strong>b\u00e9b\u00e9s);<\/strong><\/li>\n<li>L\u2019excellente qualit\u00e9 de nos fibres;<\/li>\n<li>La r\u00e9sistance de nos couleurs au lavage, au s\u00e9chage et \u00e0 l\u2019exposition au soleil.<\/li>\n<\/ul>\n<p style=\"text-align: justify;\">L\u2019utilisation exclusive\u00a0<strong>de tissus 100 %\u00a0<\/strong><a href=\"https:\/\/naturapura.club\/pt-pt\/algodao-organico-naturapura\/\"><strong>coton\u00a0<\/strong><\/a><strong>biologique sans couleur, sans aucun produit chimique, utilis\u00e9 dans ses couleurs naturelles,<\/strong>\u00a0au fur et \u00e0 mesure qu\u2019il pousse dans la terre, ultra naturel a beaucoup contribu\u00e9 \u00e0 ces r\u00e9sultats.<\/p>\n<p><img data-recalc-dims=\"1\" loading=\"lazy\" decoding=\"async\" class=\" wp-image-19841 aligncenter\" src=\"https:\/\/i0.wp.com\/naturapura.club\/wp-content\/uploads\/2019\/12\/ECOLABEL_SEM-FUNDO.png?resize=255%2C252&#038;ssl=1\" alt=\"\" width=\"255\" height=\"252\" srcset=\"https:\/\/i0.wp.com\/naturapura.club\/wp-content\/uploads\/2019\/12\/ECOLABEL_SEM-FUNDO.png?resize=300%2C297&amp;ssl=1 300w, https:\/\/i0.wp.com\/naturapura.club\/wp-content\/uploads\/2019\/12\/ECOLABEL_SEM-FUNDO.png?resize=100%2C100&amp;ssl=1 100w, https:\/\/i0.wp.com\/naturapura.club\/wp-content\/uploads\/2019\/12\/ECOLABEL_SEM-FUNDO.png?w=356&amp;ssl=1 356w\" sizes=\"auto, (max-width: 255px) 100vw, 255px\" \/><\/p>\n<h3><strong>Tests dermatologiques<\/strong><\/h3>\n<p style=\"text-align: justify;\">Les mati\u00e8res premi\u00e8res\u00a0<strong>NaturaPura<\/strong>\u00a0sont\u00a0<strong>test\u00e9s dermatologiquement<\/strong>\u00a0en Allemagne par l\u2019<a href=\"https:\/\/ditf.de\/en\/\"><strong>ITV,<\/strong><\/a>\u00a0et en Finlande par\u00a0<a href=\"https:\/\/biositehisto.com\/\"><strong>BioSiteHisto et<\/strong><\/a><strong>\u00a0ne provoquent pas d\u2019allergies \u00e0 la peau sensible des b\u00e9b\u00e9s, ce qui en fait l<\/strong>e produit id\u00e9al pour tous les b\u00e9b\u00e9s.<\/p>\n<p>\u00a0 <img data-recalc-dims=\"1\" loading=\"lazy\" decoding=\"async\" class=\"wp-image-32255 aligncenter\" src=\"https:\/\/i0.wp.com\/naturapura.club\/wp-content\/uploads\/2020\/06\/222.png?resize=194%2C111&#038;ssl=1\" alt=\"\" width=\"194\" height=\"111\" \/><\/p>\n<h3 style=\"font-size: 20.16px;\"><img data-recalc-dims=\"1\" loading=\"lazy\" decoding=\"async\" class=\"size-medium wp-image-35145 aligncenter\" style=\"font-size: 14.4px;\" src=\"https:\/\/i0.wp.com\/naturapura.club\/wp-content\/uploads\/2020\/11\/66666.png?resize=300%2C76&#038;ssl=1\" alt=\"\" width=\"300\" height=\"76\" srcset=\"https:\/\/i0.wp.com\/naturapura.club\/wp-content\/uploads\/2020\/11\/66666.png?resize=300%2C76&amp;ssl=1 300w, https:\/\/i0.wp.com\/naturapura.club\/wp-content\/uploads\/2020\/11\/66666.png?resize=190%2C48&amp;ssl=1 190w, https:\/\/i0.wp.com\/naturapura.club\/wp-content\/uploads\/2020\/11\/66666.png?resize=354%2C90&amp;ssl=1 354w, https:\/\/i0.wp.com\/naturapura.club\/wp-content\/uploads\/2020\/11\/66666.png?w=437&amp;ssl=1 437w\" sizes=\"auto, (max-width: 300px) 100vw, 300px\" \/><\/h3>\n<h3><strong>La s\u00e9curit\u00e9 des Peluches NaturaPura<\/strong><\/h3>\n<p style=\"text-align: justify;\"><strong>Les jouets souples NaturaPura<\/strong>\u00a0ont tous les avantages d\u2019\u00eatre fabriqu\u00e9s avec du\u00a0<a href=\"https:\/\/naturapura.club\/pt-pt\/algodao-organico-naturapura\/\"><strong>coton biologique<\/strong><\/a>\u00a0dans ses\u00a0<strong>couleurs naturelles,<\/strong>\u00a0non teintes,\u00a0<strong>sans produits chimiques.\u00a0<\/strong>Il n\u2019y aura donc aucun probl\u00e8me pour\u00a0<strong>la sant\u00e9 de votre b\u00e9b\u00e9<\/strong>\u00a0si celui-ci les met dans sa bouche, comme il le fera certainement d\u2019ailleurs. En outre, ces derniers sont test\u00e9s par le\u00a0<a href=\"https:\/\/www.catim.pt\/\"><strong>CATIM<\/strong><\/a>, un organisme de certification portugais, pour garantir la conformit\u00e9 aux normes europ\u00e9ennes EN 71-1, EN 71-2 et EN 71-3.<\/p>\n\n\t\t<\/div>\n\t\t\t\t\t<\/div>\n\n\t\n\n<\/div>\n\n","protected":false},"excerpt":{"rendered":"","protected":false},"author":18,"featured_media":0,"parent":0,"menu_order":0,"comment_status":"closed","ping_status":"closed","template":"","meta":{"footnotes":""},"class_list":["post-32253","page","type-page","status-publish","hentry"],"jetpack_sharing_enabled":true,"_links":{"self":[{"href":"https:\/\/naturapura.club\/fr\/wp-json\/wp\/v2\/pages\/32253","targetHints":{"allow":["GET"]}}],"collection":[{"href":"https:\/\/naturapura.club\/fr\/wp-json\/wp\/v2\/pages"}],"about":[{"href":"https:\/\/naturapura.club\/fr\/wp-json\/wp\/v2\/types\/page"}],"author":[{"embeddable":true,"href":"https:\/\/naturapura.club\/fr\/wp-json\/wp\/v2\/users\/18"}],"replies":[{"embeddable":true,"href":"https:\/\/naturapura.club\/fr\/wp-json\/wp\/v2\/comments?post=32253"}],"version-history":[{"count":0,"href":"https:\/\/naturapura.club\/fr\/wp-json\/wp\/v2\/pages\/32253\/revisions"}],"wp:attachment":[{"href":"https:\/\/naturapura.club\/fr\/wp-json\/wp\/v2\/media?parent=32253"}],"curies":[{"name":"wp","href":"https:\/\/api.w.org\/{rel}","templated":true}]}}