{"id":32368,"date":"2020-07-08T13:59:15","date_gmt":"2020-07-08T13:59:15","guid":{"rendered":"https:\/\/naturapura.club\/boutique\/"},"modified":"2026-02-12T17:44:13","modified_gmt":"2026-02-12T17:44:13","slug":"boutique","status":"publish","type":"page","link":"https:\/\/naturapura.club\/fr\/","title":{"rendered":"Home"},"content":{"rendered":"\n<div class=\"row\"  id=\"row-190931175\">\n\n\n\t<div id=\"col-1600457853\" class=\"col small-12 large-12\"  >\n\t\t\t\t<div class=\"col-inner\"  >\n\t\t\t\n\t\t\t\n\n<div class=\"is-divider divider clearfix\" style=\"max-width:34px;height:18px;background-color:rgba(0, 0, 0, 0);\"><\/div>\n\n\n  <div class=\"banner has-hover\" id=\"banner-1062690565\">\n          <div class=\"banner-inner fill\">\n        <div class=\"banner-bg fill\" >\n            <img loading=\"lazy\" decoding=\"async\" width=\"1020\" height=\"680\" src=\"https:\/\/i0.wp.com\/naturapura.club\/wp-content\/uploads\/2026\/02\/599-scaled.jpg?fit=1020%2C680&amp;ssl=1\" class=\"bg attachment-large size-large\" alt=\"\" \/>                                    \n                    <\/div>\n\t\t\n        <div class=\"banner-layers container\">\n            <div class=\"fill banner-link\"><\/div>            \n\n\t<div class=\"img has-hover x95 md-x95 lg-x95 y95 md-y95 lg-y95\" id=\"image_524071189\">\n\t\t<a class=\"\" href=\"http:\/\/ec.europa.eu\/ecat\/products\/en\/21992\/naturapura-iberica---prod\" >\t\t\t\t\t\t<div class=\"img-inner dark\" >\n\t\t\t<img loading=\"lazy\" decoding=\"async\" width=\"356\" height=\"353\" src=\"https:\/\/i0.wp.com\/naturapura.club\/wp-content\/uploads\/2019\/12\/ECOLABEL_SEM-FUNDO.png?fit=356%2C353&amp;ssl=1\" class=\"attachment-large size-large\" alt=\"\" srcset=\"https:\/\/i0.wp.com\/naturapura.club\/wp-content\/uploads\/2019\/12\/ECOLABEL_SEM-FUNDO.png?w=356&amp;ssl=1 356w, https:\/\/i0.wp.com\/naturapura.club\/wp-content\/uploads\/2019\/12\/ECOLABEL_SEM-FUNDO.png?resize=100%2C100&amp;ssl=1 100w, https:\/\/i0.wp.com\/naturapura.club\/wp-content\/uploads\/2019\/12\/ECOLABEL_SEM-FUNDO.png?resize=300%2C297&amp;ssl=1 300w, https:\/\/i0.wp.com\/naturapura.club\/wp-content\/uploads\/2019\/12\/ECOLABEL_SEM-FUNDO.png?resize=150%2C150&amp;ssl=1 150w\" sizes=\"auto, (max-width: 356px) 100vw, 356px\" \/>\t\t\t\t\t\t\n\t\t\t\t\t<\/div>\n\t\t\t\t\t\t<\/a>\t\t\n<style>\n#image_524071189 {\n  width: 16%;\n}\n@media (min-width:550px) {\n  #image_524071189 {\n    width: 8%;\n  }\n}\n<\/style>\n\t<\/div>\n\t\n\n   <div id=\"text-box-25941495\" class=\"text-box banner-layer x5 md-x5 lg-x5 y5 md-y5 lg-y10 res-text\">\n                                <div class=\"text-box-content text dark\">\n              \n              <div class=\"text-inner text-left\">\n                  \n\n<h3><span style=\"color: #f0d7b9; font-size: 120%;\">100% Coton Biologique<\/span><\/h3>\n<h3><span style=\"color: #f0d7b9;\">(depuis 1999)<\/span><\/h3>\n<h3><span style=\"color: #f0d7b9; font-size: 60%;\">(Ceci est notre site Web de vente au d\u00e9tail !)<\/span><\/h3>\n<a href=\"https:\/\/naturapura.club\/fr\/retailer-login\/\" class=\"button white lowercase\" style=\"border-radius:99px;\">\n\t\t<span>Connexion\/S&#039;inscrire<\/span>\n\t<\/a>\n\n\n\n              <\/div>\n           <\/div>\n                            \n<style>\n#text-box-25941495 {\n  width: 93%;\n}\n#text-box-25941495 .text-box-content {\n  font-size: 100%;\n}\n@media (min-width:550px) {\n  #text-box-25941495 {\n    width: 56%;\n  }\n}\n@media (min-width:850px) {\n  #text-box-25941495 {\n    width: 45%;\n  }\n}\n<\/style>\n    <\/div>\n \n\n        <\/div>\n      <\/div>\n\n            \n<style>\n#banner-1062690565 {\n  padding-top: 384px;\n}\n#banner-1062690565 .banner-bg img {\n  object-position: 54% 27%;\n}\n@media (min-width:550px) {\n  #banner-1062690565 {\n    padding-top: 611px;\n  }\n}\n<\/style>\n  <\/div>\n\n\n\n\t\t<\/div>\n\t\t\t\t\t<\/div>\n\n\t\n\n<\/div>\n<div class=\"row\"  id=\"row-1546429735\">\n\n\n\t<div id=\"col-987673157\" class=\"col medium-5 small-12 large-5\"  >\n\t\t\t\t<div class=\"col-inner\"  >\n\t\t\t\n\t\t\t\n\n<div class=\"slider-wrapper relative\" id=\"slider-981574133\" >\n    <div class=\"slider slider-nav-circle slider-nav-large slider-nav-light slider-style-normal\"\n        data-flickity-options='{\n            \"cellAlign\": \"center\",\n            \"imagesLoaded\": true,\n            \"lazyLoad\": 1,\n            \"freeScroll\": false,\n            \"wrapAround\": true,\n            \"autoPlay\": 6000,\n            \"pauseAutoPlayOnHover\" : true,\n            \"prevNextButtons\": true,\n            \"contain\" : true,\n            \"adaptiveHeight\" : true,\n            \"dragThreshold\" : 10,\n            \"percentPosition\": true,\n            \"pageDots\": true,\n            \"rightToLeft\": false,\n            \"draggable\": true,\n            \"selectedAttraction\": 0.1,\n            \"parallax\" : 0,\n            \"friction\": 0.6        }'\n        >\n        \n\n\n  <div class=\"banner has-hover\" id=\"banner-531895654\">\n          <div class=\"banner-inner fill\">\n        <div class=\"banner-bg fill\" >\n            <img loading=\"lazy\" decoding=\"async\" width=\"1020\" height=\"1020\" src=\"https:\/\/i0.wp.com\/naturapura.club\/wp-content\/uploads\/2024\/05\/5022002-1.jpg?fit=1020%2C1020&amp;ssl=1\" class=\"bg attachment-large size-large\" alt=\"\" \/>                        <div class=\"overlay\"><\/div>            \n                    <\/div>\n\t\t\n        <div class=\"banner-layers container\">\n            <div class=\"fill banner-link\"><\/div>            \n\n   <div id=\"text-box-336390352\" class=\"text-box banner-layer x50 md-x50 lg-x50 y50 md-y50 lg-y50 res-text\">\n                                <div class=\"text-box-content text dark\">\n              \n              <div class=\"text-inner text-center\">\n                  \n\n<h3 class=\"uppercase\" style=\"color: #8c563a; font-size: 25px; text-align: center;\">PELUCHES NATURAPURA<\/h3>\n<\/p>\n<h4 style=\"font-style: inherit; font-variant: inherit; font-weight: inherit; font-stretch: inherit; line-height: inherit; font-family: inherit; font-size: 16px; color: #4f4f4f; text-align: center;\">Nos peluches sont soigneusement con\u00e7ues et test\u00e9es pour garantir qu&#8217;elles sont s\u00fbres \u00e0 100% pour votre b\u00e9b\u00e9.<br \/>Nous avons con\u00e7u des peluches en coton 100% biologique dans ses couleurs naturelles, sans colorants, produits chimiques ou applications.<\/h4>\n<a href=\"https:\/\/naturapura.club\/product-category\/toys\/\" class=\"button primary is-outline is-large lowercase\" style=\"border-radius:99px;\">\n\t\t<span>Acheter<\/span>\n\t<\/a>\n\n\n\n              <\/div>\n           <\/div>\n                            \n<style>\n#text-box-336390352 {\n  width: 96%;\n}\n#text-box-336390352 .text-box-content {\n  font-size: 100%;\n}\n@media (min-width:850px) {\n  #text-box-336390352 {\n    width: 60%;\n  }\n}\n<\/style>\n    <\/div>\n \n\n        <\/div>\n      <\/div>\n\n            \n<style>\n#banner-531895654 {\n  padding-top: 460px;\n  background-color: rgb(246, 244, 244);\n}\n#banner-531895654 .overlay {\n  background-color: rgba(255, 255, 255, 0.523);\n}\n<\/style>\n  <\/div>\n\n\n\n  <div class=\"banner has-hover\" id=\"banner-1436169405\">\n          <div class=\"banner-inner fill\">\n        <div class=\"banner-bg fill\" >\n                                                \n                    <\/div>\n\t\t\n        <div class=\"banner-layers container\">\n            <div class=\"fill banner-link\"><\/div>            \n\n   <div id=\"text-box-2000355014\" class=\"text-box banner-layer x50 md-x50 lg-x50 y50 md-y50 lg-y50 res-text\">\n                                <div class=\"text-box-content text dark\">\n              \n              <div class=\"text-inner text-center\">\n                  \n\n<h3 class=\"uppercase\" style=\"color: #8c563a; font-size: 25px; text-align: center;\">PARTAGEZ VOS ARTICLES PR\u00c9F\u00c9R\u00c9S<\/h3>\n<\/p>\n<h4 style=\"font: inherit; font-size: 16px; color: #4f4f4f;\">Inscrivez-vous sur notre site et cr\u00e9ez une liste avec les produits que vous aimez le plus. Vous pouvez ensuite partager cette liste avec vos amis et votre famille, afin qu&#8217;ils sachent ce qu&#8217;ils peuvent vous offrir.<\/h4><\/p>\n\n              <\/div>\n           <\/div>\n                            \n<style>\n#text-box-2000355014 {\n  width: 99%;\n}\n#text-box-2000355014 .text-box-content {\n  font-size: 100%;\n}\n@media (min-width:850px) {\n  #text-box-2000355014 {\n    width: 60%;\n  }\n}\n<\/style>\n    <\/div>\n \n\n        <\/div>\n      <\/div>\n\n            \n<style>\n#banner-1436169405 {\n  padding-top: 460px;\n  background-color: rgb(246, 244, 244);\n}\n<\/style>\n  <\/div>\n\n\n\n     <\/div>\n\n     <div class=\"loading-spin dark large centered\"><\/div>\n\n\t<\/div>\n\n\n\n\t\t<\/div>\n\t\t\t\t\t<\/div>\n\n\t\n\n\t<div id=\"col-290922197\" class=\"col medium-7 small-12 large-7\"  >\n\t\t\t\t<div class=\"col-inner\"  >\n\t\t\t\n\t\t\t\n\n\n  <div class=\"banner has-hover\" id=\"banner-1778293290\">\n          <div class=\"banner-inner fill\">\n        <div class=\"banner-bg fill\" >\n            <img loading=\"lazy\" decoding=\"async\" width=\"1020\" height=\"680\" src=\"https:\/\/i0.wp.com\/naturapura.club\/wp-content\/uploads\/2022\/03\/1636-scaled.jpg?fit=1020%2C680&amp;ssl=1\" class=\"bg attachment-large size-large\" alt=\"\" \/>                        <div class=\"overlay\"><\/div>            \n                    <\/div>\n\t\t\n        <div class=\"banner-layers container\">\n            <a class=\"fill\" href=\"https:\/\/naturapura.club\/fr\/produit\/plaid-personnalise\/\"><div class=\"fill banner-link\"><\/div><\/a>            \n\n   <div id=\"text-box-369215789\" class=\"text-box banner-layer x50 md-x15 lg-x5 y0 md-y100 lg-y5 res-text\">\n                                <div class=\"text-box-content text \">\n              \n              <div class=\"text-inner text-left\">\n                  \n\n\t<div id=\"text-1531938453\" class=\"text\">\n\t\t\n\n<p style=\"font-style: inherit; font-variant: inherit; font-stretch: inherit; line-height: inherit; font-family: inherit; font-size: 14px; color: #696969; font-weight: bold; text-align: center;\"><span style=\"color: #e6d8c5; font-size: 120%;\">Personnalisez un plaid avec le pr\u00e9nom du b\u00e9b\u00e9.<\/span><\/p>\n\t\t\n<style>\n#text-1531938453 {\n  color: #757575;\n}\n#text-1531938453 > * {\n  color: #757575;\n}\n<\/style>\n\t<\/div>\n\t\n\n              <\/div>\n           <\/div>\n                            \n<style>\n#text-box-369215789 {\n  width: 82%;\n}\n#text-box-369215789 .text-box-content {\n  font-size: 100%;\n}\n@media (min-width:550px) {\n  #text-box-369215789 {\n    width: 98%;\n  }\n}\n@media (min-width:850px) {\n  #text-box-369215789 {\n    width: 38%;\n  }\n}\n<\/style>\n    <\/div>\n \n\n        <\/div>\n      <\/div>\n\n            \n<style>\n#banner-1778293290 {\n  padding-top: 460px;\n  background-color: rgb(255, 255, 255);\n}\n#banner-1778293290 .overlay {\n  background-color: rgba(190, 190, 190, 0.2);\n}\n#banner-1778293290 .banner-bg img {\n  object-position: 19% 21%;\n}\n<\/style>\n  <\/div>\n\n\n\n\t\t<\/div>\n\t\t\t\t\t<\/div>\n\n\t\n\n<\/div>\n<div class=\"row\"  id=\"row-235179839\">\n\n\n\t<div id=\"col-251582358\" class=\"col medium-7 small-12 large-7\"  >\n\t\t\t\t<div class=\"col-inner\"  >\n\t\t\t\n\t\t\t\n\n\t<div class=\"img has-hover x md-x lg-x y md-y lg-y\" id=\"image_504917284\">\n\t\t<a class=\"\" href=\"https:\/\/naturapura.club\/fr\/produit\/combinaison-zippee\/\" >\t\t\t\t\t\t<div class=\"img-inner image-cover dark\" style=\"padding-top:300px;\">\n\t\t\t<img loading=\"lazy\" decoding=\"async\" width=\"1020\" height=\"680\" src=\"https:\/\/i0.wp.com\/naturapura.club\/wp-content\/uploads\/2026\/02\/227-scaled.jpg?fit=1020%2C680&amp;ssl=1\" class=\"attachment-large size-large\" alt=\"\" srcset=\"https:\/\/i0.wp.com\/naturapura.club\/wp-content\/uploads\/2026\/02\/227-scaled.jpg?w=2560&amp;ssl=1 2560w, https:\/\/i0.wp.com\/naturapura.club\/wp-content\/uploads\/2026\/02\/227-scaled.jpg?resize=300%2C200&amp;ssl=1 300w, https:\/\/i0.wp.com\/naturapura.club\/wp-content\/uploads\/2026\/02\/227-scaled.jpg?resize=1024%2C683&amp;ssl=1 1024w, https:\/\/i0.wp.com\/naturapura.club\/wp-content\/uploads\/2026\/02\/227-scaled.jpg?resize=768%2C512&amp;ssl=1 768w, https:\/\/i0.wp.com\/naturapura.club\/wp-content\/uploads\/2026\/02\/227-scaled.jpg?resize=1536%2C1025&amp;ssl=1 1536w, https:\/\/i0.wp.com\/naturapura.club\/wp-content\/uploads\/2026\/02\/227-scaled.jpg?resize=2048%2C1366&amp;ssl=1 2048w\" sizes=\"auto, (max-width: 1020px) 100vw, 1020px\" \/>\t\t\t\t\t\t\n\t\t\t\t\t<\/div>\n\t\t\t\t\t\t<\/a>\t\t\n<style>\n#image_504917284 {\n  width: 100%;\n}\n<\/style>\n\t<\/div>\n\t\n\n\n\t\t<\/div>\n\t\t\t\t\t<\/div>\n\n\t\n\n\t<div id=\"col-969894270\" class=\"col medium-5 small-12 large-5\"  >\n\t\t\t\t<div class=\"col-inner\"  >\n\t\t\t\n\t\t\t\n\n\t<div class=\"img has-hover x md-x lg-x y md-y lg-y\" id=\"image_778365024\">\n\t\t<a class=\"\" href=\"https:\/\/naturapura.club\/fr\/produit\/bonnet-en-tricot-avec-pompom-2\/\" >\t\t\t\t\t\t<div class=\"img-inner image-cover dark\" style=\"padding-top:300px;margin:0pxx 0px 0px 0px;\">\n\t\t\t<img loading=\"lazy\" decoding=\"async\" width=\"1020\" height=\"680\" src=\"https:\/\/i0.wp.com\/naturapura.club\/wp-content\/uploads\/2026\/02\/195-scaled.jpg?fit=1020%2C680&amp;ssl=1\" class=\"attachment-large size-large\" alt=\"\" srcset=\"https:\/\/i0.wp.com\/naturapura.club\/wp-content\/uploads\/2026\/02\/195-scaled.jpg?w=2560&amp;ssl=1 2560w, https:\/\/i0.wp.com\/naturapura.club\/wp-content\/uploads\/2026\/02\/195-scaled.jpg?resize=300%2C200&amp;ssl=1 300w, https:\/\/i0.wp.com\/naturapura.club\/wp-content\/uploads\/2026\/02\/195-scaled.jpg?resize=1024%2C683&amp;ssl=1 1024w, https:\/\/i0.wp.com\/naturapura.club\/wp-content\/uploads\/2026\/02\/195-scaled.jpg?resize=768%2C512&amp;ssl=1 768w, https:\/\/i0.wp.com\/naturapura.club\/wp-content\/uploads\/2026\/02\/195-scaled.jpg?resize=1536%2C1025&amp;ssl=1 1536w, https:\/\/i0.wp.com\/naturapura.club\/wp-content\/uploads\/2026\/02\/195-scaled.jpg?resize=2048%2C1366&amp;ssl=1 2048w\" sizes=\"auto, (max-width: 1020px) 100vw, 1020px\" \/>\t\t\t\t\t\t\n\t\t\t\t\t<\/div>\n\t\t\t\t\t\t<\/a>\t\t\n<style>\n#image_778365024 {\n  width: 100%;\n}\n<\/style>\n\t<\/div>\n\t\n\n\n\t\t<\/div>\n\t\t\t\t\t<\/div>\n\n\t\n\n<\/div>\n<div class=\"row\"  id=\"row-118566243\">\n\n\n\t<div id=\"col-614282833\" class=\"col medium-5 small-12 large-5\"  >\n\t\t\t\t<div class=\"col-inner\"  >\n\t\t\t\n\t\t\t\n\n\t<div class=\"img has-hover x md-x lg-x y md-y lg-y\" id=\"image_1669816237\">\n\t\t<a class=\"\" href=\"https:\/\/naturapura.club\/fr\/produit\/robe-en-tricot-jacquard\/\" >\t\t\t\t\t\t<div class=\"img-inner image-cover dark\" style=\"padding-top:300px;\">\n\t\t\t<img loading=\"lazy\" decoding=\"async\" width=\"1020\" height=\"680\" src=\"https:\/\/i0.wp.com\/naturapura.club\/wp-content\/uploads\/2026\/02\/435-scaled.jpg?fit=1020%2C680&amp;ssl=1\" class=\"attachment-large size-large\" alt=\"\" srcset=\"https:\/\/i0.wp.com\/naturapura.club\/wp-content\/uploads\/2026\/02\/435-scaled.jpg?w=2560&amp;ssl=1 2560w, https:\/\/i0.wp.com\/naturapura.club\/wp-content\/uploads\/2026\/02\/435-scaled.jpg?resize=300%2C200&amp;ssl=1 300w, https:\/\/i0.wp.com\/naturapura.club\/wp-content\/uploads\/2026\/02\/435-scaled.jpg?resize=1024%2C683&amp;ssl=1 1024w, https:\/\/i0.wp.com\/naturapura.club\/wp-content\/uploads\/2026\/02\/435-scaled.jpg?resize=768%2C512&amp;ssl=1 768w, https:\/\/i0.wp.com\/naturapura.club\/wp-content\/uploads\/2026\/02\/435-scaled.jpg?resize=1536%2C1025&amp;ssl=1 1536w, https:\/\/i0.wp.com\/naturapura.club\/wp-content\/uploads\/2026\/02\/435-scaled.jpg?resize=2048%2C1366&amp;ssl=1 2048w\" sizes=\"auto, (max-width: 1020px) 100vw, 1020px\" \/>\t\t\t\t\t\t\n\t\t\t\t\t<\/div>\n\t\t\t\t\t\t<\/a>\t\t\n<style>\n#image_1669816237 {\n  width: 100%;\n}\n<\/style>\n\t<\/div>\n\t\n\n\n\t\t<\/div>\n\t\t\t\t\t<\/div>\n\n\t\n\n\t<div id=\"col-2097031906\" class=\"col medium-7 small-12 large-7\"  >\n\t\t\t\t<div class=\"col-inner\"  >\n\t\t\t\n\t\t\t\n\n\t<div class=\"img has-hover x md-x lg-x y md-y lg-y\" id=\"image_1445380875\">\n\t\t<a class=\"\" href=\"https:\/\/naturapura.club\/fr\/produit\/veste-a-capuchon-en-tricot-epais-2\/\" >\t\t\t\t\t\t<div class=\"img-inner image-cover dark\" style=\"padding-top:300px;\">\n\t\t\t<img loading=\"lazy\" decoding=\"async\" width=\"1020\" height=\"680\" src=\"https:\/\/i0.wp.com\/naturapura.club\/wp-content\/uploads\/2026\/02\/955-scaled.jpg?fit=1020%2C680&amp;ssl=1\" class=\"attachment-large size-large\" alt=\"\" srcset=\"https:\/\/i0.wp.com\/naturapura.club\/wp-content\/uploads\/2026\/02\/955-scaled.jpg?w=2560&amp;ssl=1 2560w, https:\/\/i0.wp.com\/naturapura.club\/wp-content\/uploads\/2026\/02\/955-scaled.jpg?resize=300%2C200&amp;ssl=1 300w, https:\/\/i0.wp.com\/naturapura.club\/wp-content\/uploads\/2026\/02\/955-scaled.jpg?resize=1024%2C683&amp;ssl=1 1024w, https:\/\/i0.wp.com\/naturapura.club\/wp-content\/uploads\/2026\/02\/955-scaled.jpg?resize=768%2C512&amp;ssl=1 768w, https:\/\/i0.wp.com\/naturapura.club\/wp-content\/uploads\/2026\/02\/955-scaled.jpg?resize=1536%2C1025&amp;ssl=1 1536w, https:\/\/i0.wp.com\/naturapura.club\/wp-content\/uploads\/2026\/02\/955-scaled.jpg?resize=2048%2C1366&amp;ssl=1 2048w\" sizes=\"auto, (max-width: 1020px) 100vw, 1020px\" \/>\t\t\t\t\t\t\n\t\t\t\t\t<\/div>\n\t\t\t\t\t\t<\/a>\t\t\n<style>\n#image_1445380875 {\n  width: 100%;\n}\n<\/style>\n\t<\/div>\n\t\n\n\n\t\t<\/div>\n\t\t\t\t\t<\/div>\n\n\t\n\n<\/div>\n<div class=\"social-icons follow-icons full-width text-center\" style=\"font-size:127%\"><a href=\"https:\/\/www.facebook.com\/naturapura.pt\" target=\"_blank\" data-label=\"Facebook\" class=\"icon button circle is-outline tooltip facebook\" title=\"Nous suivre sur Facebook\" aria-label=\"Nous suivre sur Facebook\" rel=\"noopener nofollow\"><i class=\"icon-facebook\" aria-hidden=\"true\"><\/i><\/a><a href=\"https:\/\/www.instagram.com\/naturapura\/\" target=\"_blank\" data-label=\"Instagram\" class=\"icon button circle is-outline tooltip instagram\" title=\"Nous suivre sur Instagram\" aria-label=\"Nous suivre sur Instagram\" rel=\"noopener nofollow\"><i class=\"icon-instagram\" aria-hidden=\"true\"><\/i><\/a><\/div>\n\n\n","protected":false},"excerpt":{"rendered":"","protected":false},"author":18,"featured_media":0,"parent":0,"menu_order":0,"comment_status":"closed","ping_status":"closed","template":"","meta":{"footnotes":""},"class_list":["post-32368","page","type-page","status-publish","hentry"],"jetpack_sharing_enabled":true,"_links":{"self":[{"href":"https:\/\/naturapura.club\/fr\/wp-json\/wp\/v2\/pages\/32368","targetHints":{"allow":["GET"]}}],"collection":[{"href":"https:\/\/naturapura.club\/fr\/wp-json\/wp\/v2\/pages"}],"about":[{"href":"https:\/\/naturapura.club\/fr\/wp-json\/wp\/v2\/types\/page"}],"author":[{"embeddable":true,"href":"https:\/\/naturapura.club\/fr\/wp-json\/wp\/v2\/users\/18"}],"replies":[{"embeddable":true,"href":"https:\/\/naturapura.club\/fr\/wp-json\/wp\/v2\/comments?post=32368"}],"version-history":[{"count":3,"href":"https:\/\/naturapura.club\/fr\/wp-json\/wp\/v2\/pages\/32368\/revisions"}],"predecessor-version":[{"id":74019,"href":"https:\/\/naturapura.club\/fr\/wp-json\/wp\/v2\/pages\/32368\/revisions\/74019"}],"wp:attachment":[{"href":"https:\/\/naturapura.club\/fr\/wp-json\/wp\/v2\/media?parent=32368"}],"curies":[{"name":"wp","href":"https:\/\/api.w.org\/{rel}","templated":true}]}}