{"id":33660,"date":"2020-09-21T09:44:12","date_gmt":"2020-09-21T09:44:12","guid":{"rendered":"https:\/\/naturapura.club\/il-nostro-cotone-organico-per-il-bambino\/"},"modified":"2020-11-16T12:08:24","modified_gmt":"2020-11-16T12:08:24","slug":"il-nostro-cotone-organico-per-il-bambino","status":"publish","type":"page","link":"https:\/\/naturapura.club\/it\/il-nostro-cotone-organico-per-il-bambino\/","title":{"rendered":"Il nostro cotone biologico per neonati"},"content":{"rendered":"\n<div class=\"row\"  id=\"row-1320617320\">\n\n\n\t<div id=\"col-1196642614\" class=\"col medium-1 small-12 large-1\"  >\n\t\t\t\t<div class=\"col-inner\"  >\n\t\t\t\n\t\t\t\n\n\n\t\t<\/div>\n\t\t\t\t\t<\/div>\n\n\t\n\n\t<div id=\"col-1776175072\" class=\"col medium-10 small-12 large-10\"  >\n\t\t\t\t<div class=\"col-inner\"  >\n\t\t\t\n\t\t\t<h1 style=\"text-align: justify;\"><strong>5 Motivi per scegliere il cotone biologico NaturaPura<\/strong><\/h1>\r\n<p style=\"text-align: justify;\"><strong>Cotone biologico<\/strong> <strong>nelle sue colorazioni naturali, senza sbiancanti e tinture chimiche<\/strong>: \u00e8 questo il materiale che il marchio \u00a0<strong>NaturaPura<\/strong> ha scelto per creare la sua linea di \u00a0<strong>abbigliamento ecologico e di <\/strong>\u00a0accessori eco-friendly <strong>per neonati<\/strong>.<\/p>\r\n<p style=\"text-align: justify;\">I nostri\u00a0<strong>body<\/strong>\u00a0e\u00a0<strong>le nostre tutine<\/strong> sono pensati per la\u00a0<strong>pelle sensibile<\/strong> dei pi\u00f9 piccoli e rispecchiano perfettamente la nostra filosofia, proprio come i nostri giocattoli di stoffa, <strong>a<\/strong><strong>tossici<\/strong>\u00a0e\u00a0<strong>sicuri<\/strong>\u00a0, da stringere durante un sonnellino o da mordicchiare senza nessuna paura.<\/p>\r\n<p style=\"text-align: justify;\">Utilizzare il cotone organico nelle sue colorazioni naturali \u00e9cru, verde e nocciola garantisce la totale assenza di sostanze chimiche nell\u2019abbigliamento e negli articoli baby.<\/p>\r\n<p><img data-recalc-dims=\"1\" loading=\"lazy\" decoding=\"async\" class=\"size-medium wp-image-20008 aligncenter\" src=\"https:\/\/i0.wp.com\/naturapura.club\/wp-content\/uploads\/2020\/01\/Organic-Cotton.jpg?resize=300%2C233&#038;ssl=1\" alt=\"\" width=\"300\" height=\"233\" srcset=\"https:\/\/i0.wp.com\/naturapura.club\/wp-content\/uploads\/2020\/01\/Organic-Cotton.jpg?resize=300%2C233&amp;ssl=1 300w, https:\/\/i0.wp.com\/naturapura.club\/wp-content\/uploads\/2020\/01\/Organic-Cotton.jpg?w=526&amp;ssl=1 526w\" sizes=\"auto, (max-width: 300px) 100vw, 300px\" \/><\/p>\r\n<p style=\"text-align: center;\">\u00a0Le colorazioni naturali del nostro cotone biologico.<\/p>\r\n<p style=\"text-align: justify;\"><strong>La nostra avventura \u00e8 iniziata <\/strong>\u00a0nel\u00a0<strong>1999<\/strong> con un obiettivo preciso: creare\u00a0<strong>indumenti per bambini piccoli che fossero sani, pratici<\/strong>\u00a0<strong>e confortevoli<\/strong>. La nostra esperienza di mamme e pap\u00e0 ci ha dato la giusta ispirazione, spingendoci a creare ogni singolo articolo delle nostre collezioni con in mente alcuni elementi fondamentali:<\/p>\r\n<ol style=\"text-align: justify;\"><li>La\u00a0<strong>pelle dei pi\u00f9 piccoli<\/strong>, molto\u00a0<strong>delicata<\/strong>, facilmente irritabile e soggetta a reazioni allergiche (spesso con dermatite atopica, che oggi colpisce circa il 10-20% dei bambini occidentali).<\/li>\r\n<li>Il <strong>benessere nel tempo<\/strong>; si sa che i bambini mettono in bocca qualsiasi cosa. L\u2019uso di prodotti contenenti sostanze chimiche potenzialmente dannose, come i metalli pesanti, alla lunga pu\u00f2 causare gravi danni alla salute.<\/li>\r\n<li>Il\u00a0<strong>comfort<\/strong>, cos\u00ec importante soprattutto per i neonati che passano la maggior parte del tempo sdraiati.<\/li>\r\n<li><strong>Il cotone biologico\u00a0<\/strong>e le sue caratteristiche di materia prima.<\/li>\r\n<li><strong>Il forte desiderio di proteggere il nostro pianeta<\/strong>.<\/li>\r\n<\/ol><p style=\"text-align: justify;\">Abbiamo scelto di utilizzare esclusivamente un materiale\u00a0<strong>organico al 100%<\/strong>\u00a0<strong>senza sostanze chimiche<\/strong>: il\u00a0<strong>cotone biologico<\/strong>\u00a0 naturale\u00a0non tinto!<\/p>\r\n<p style=\"text-align: justify;\">Oggi proponiamo una vasta gamma di\u00a0<strong>abbigliamento e accessori<\/strong> studiati con amore per\u00a0<strong>prematuri<\/strong><strong>, <\/strong><strong>neonati <\/strong>e bimbi ai loro primi passi.<\/p>\r\n<h2><strong>Garanzia di qualit\u00e0<\/strong><\/h2>\r\n<p style=\"text-align: justify;\">La <strong>qualit\u00e0 <\/strong>dei nostri prodotti, realizzati in Portogallo, <strong>\u00e8 garantita<\/strong> dal sigillo <a href=\"http:\/\/ec.europa.eu\/ecat\/products\/en\/21992\/naturapura-iberica---prod\"><strong>EcoLabel\u00a0(European Ecological Label)<\/strong><\/a>. <strong>NaturaPura<\/strong>\u00a0\u00e8 tra le pochissime aziende che soddisfa i rigorosi criteri imposti da questa importante certificazione.<\/p>\r\n<p style=\"text-align: justify;\">A ulteriore conferma che \u00a0<strong>NaturaPura<\/strong>\u00a0mette al centro di tutto il\u00a0<strong>benessere<\/strong>,\u00a0<strong>il comfort<\/strong>\u00a0e\u00a0<strong>la salute<\/strong>\u00a0dei <strong>pi\u00f9 piccoli<\/strong>, i nostri prodotti sono anche\u00a0<a href=\"https:\/\/naturapura.eu\/eu-ecolabel-and-dermatological-tests\/\"><strong>dermatologicamente testati.<\/strong><\/a><\/p>\r\n<p style=\"text-align: justify;\">Dobbiamo ricordare che l&#8217;epidermide del neonato ha uno spessore del 40-60% inferiore rispetto a quella di una persona adulta, il che la rende non solo estremamente sensibile, ma ne facilita l&#8217;assorbimento di sostanze e quindi la possibilit\u00e0 di sviluppare irritazioni. Se pensiamo al fatto che i neonati non hanno ancora una barriera protettiva o ghiandole sudorifere sviluppate, \u00e8 facile capire perch\u00e9 irritazioni e allergie della pelle sono fenomeni cos\u00ec comuni, spesso causati dal tessuto dei capi di abbigliamento, dai prodotti per l&#8217;igiene e, pi\u00f9 raramente, da alcuni alimenti.<\/p>\r\n<p style=\"text-align: justify;\">I <strong>prodotti<\/strong>\u00a0 di NaturaPura\u00a0 <strong>danno la sicurezza <\/strong>di <strong>prevenire le irritazioni <\/strong>e sono l\u2019ideale anche per le\u00a0<strong>pelli sensibili<\/strong> con tendenza a manifestazioni allergiche e atopiche.<\/p>\r\n<h2><strong>I nostri capi di abbigliamento<\/strong><\/h2>\r\n<ul><li><strong>In cotone bio 100%\u00a0<\/strong>nelle sue\u00a0<strong>colorazioni naturali<\/strong><strong>\u00e9cru<\/strong>,\u00a0<strong>verde<\/strong>\u00a0e\u00a0<strong>nocciola;<\/strong><\/li>\r\n<li>Non tinti;<\/li>\r\n<li><strong>Privi di sostanze chimiche;<\/strong><\/li>\r\n<li>Le cuciture sono realizzate con\u00a0<strong>filo di cotone al 100%<\/strong> per non irritare la pelle del tuo bambino;<\/li>\r\n<li><strong>Ghettine\u00a0<\/strong>per neonati\u00a0<strong>senza elastico<\/strong>in vita (per evitare la sensazione di fastidio nella zona del cordone ombelicale);<\/li>\r\n<li><strong>Etichette\u00a0<\/strong>cucite\u00a0<strong>all&#8217;esterno<\/strong>per non causare prurito;<\/li>\r\n<li><strong>Body\u00a0<\/strong>per neonati con\u00a0<strong>apertura frontale<\/strong>;<\/li>\r\n<li>Indumenti adatti all&#8217;et\u00e0 e\u00a0<strong>facili da\u00a0indossare<\/strong>;<\/li>\r\n<li><strong>Molti\u00a0<\/strong>dei nostri articoli in maglia\u00a0<strong>non hanno cuciture<\/strong>;<\/li>\r\n<li><a href=\"https:\/\/naturapura.eu\/eu-ecolabel-and-dermatological-tests\/\"><strong>Dermatologicamente testat<\/strong><\/a><strong>i<\/strong>\u2013 adatti a\u00a0<strong>pelli sensibili<\/strong>, potenzialmente soggette ad allergie, dermatiti, eczema o manifestazioni atopiche.<\/li>\r\n<\/ul><h2><strong>Giocattoli di stoffa NaturaPura<\/strong><\/h2>\r\n<p style=\"text-align: justify;\"><strong>Cosa fa il tuo bambino quando prende in mano un giocattolo per la prima volta?<\/strong><\/p>\r\n<p>Se lo\u00a0<strong>porta<\/strong>\u00a0istintivamente\u00a0<strong>alla bocca<\/strong>.<\/p>\r\n<p>Lo sappiamo bene! \u00c8 per questo che i nostri giocattoli sono completamente \u00a0<strong>atossici<\/strong>. Sono fatti di \u00a0<strong>morbido cotone bio<\/strong> nei suoi colori naturali e sono stati ideati e\u00a0<a href=\"https:\/\/naturapura.eu\/eu-ecolabel-and-dermatological-tests\/\"><strong>testati<\/strong><\/a>\u00a0con la massima cura per garantire al 100% la \u00a0<a href=\"https:\/\/naturapura.eu\/eu-ecolabel-and-dermatological-tests\/\"><strong>sicurezza<\/strong><\/a> del tuo\u00a0<strong>bambino,<\/strong>\u00a0 sia\u00a0<strong>quando li morde <\/strong>\u00a0sia\u00a0<strong>durante la nanna<\/strong>. Sono gli unici giocattoli sul mercato con cui puoi lasciarlo giocare <strong>senza nessuna preoccupazione<\/strong>, perch\u00e9 non\u00a0<strong>contengono <\/strong>\u00a0sostanze\u00a0<strong>chimiche<\/strong>\u00a0n\u00e9 <strong>coloranti<\/strong>.<\/p>\r\n<h2><strong>Cotone biologico non tinto e sostenibilit\u00e0 ambientale<\/strong><\/h2>\r\n<p style=\"text-align: justify;\">Il nostro obiettivo va oltre il benessere dei nostri bambini. Abbiamo molto a cuore la\u00a0<a href=\"http:\/\/www.fabricoftheworld.com\/\"><strong>salvaguardia dell\u2019ambiente<\/strong><\/a>\u00a0e\u00a0<strong>la sostenibilit\u00e0<\/strong>\u00a0e pensiamo che sia importante impegnarsi per un mondo migliore\u00a0<strong>e pi\u00f9 sano<\/strong>\u00a0per le nuove generazioni, perch\u00e9 \u00e8 il futuro dei nostri bambini.<\/p>\r\n<p style=\"text-align: justify;\">Ecco perch\u00e9 ci assicuriamo che l\u2019intera filiera del nostro\u00a0<strong>processo di produzione<\/strong>\u00a0 \u2013 dalla coltivazione, al raccolto, fino alla confezione \u2013 abbia\u00a0<strong>la certificazione <\/strong>\u00a0<strong>ecologica<\/strong>\u00a0e che\u00a0<strong>il cotone<\/strong>\u00a0dei nostri prodotti\u00a0<strong>non<\/strong>\u00a0contenga\u00a0<strong>sostanze chimiche<\/strong>\u00a0 dannose per l&#8217;ambiente.<\/p>\r\n<p style=\"text-align: justify;\">Ci preme sottolineare che, rispetto a un articolo realizzato con cotone convenzionale tinto, un prodotto\u00a0<strong>NaturaPura<\/strong>\u00a0<strong>consente di risparmiare<\/strong> in media:<\/p>\r\n<ul><li><strong>il 60%\u00a0<\/strong>di\u00a0<strong>acqua<\/strong>;<\/li>\r\n<li><strong>il 30%\u00a0<\/strong>di <strong>energia.<\/strong><\/li>\r\n<\/ul><p>Sapevi che nel mondo circa il\u00a0<strong>25%<\/strong>\u00a0dei\u00a0<strong>pesticidi<\/strong>\u00a0viene\u00a0<strong>utilizzato per la<\/strong>\u00a0coltivazione del cotone\u00a0<strong>convenzionale<\/strong>?<\/p>\r\n<p style=\"text-align: justify;\"><strong>NaturaPura non utilizza <\/strong>\u00a0<strong>pesticidi<\/strong>\u00a0ed\u00a0<strong>erbicidi<\/strong>\u00a0 per produrre il proprio cotone\u00a0 e\u00a0<strong> non ricorre a<\/strong>\u00a0<strong>prodotti chimici<\/strong>\u00a0, come tinture e sbiancanti, per i propri capi di abbigliamento (utilizza solo <strong>cotone<\/strong> organico nelle sue <strong>colorazioni naturali<\/strong>)<strong>.<\/strong><\/p>\t\t<\/div>\n\t\t\t\t\t<\/div>\n\n\t\n\n<\/div>\n\n","protected":false},"excerpt":{"rendered":"","protected":false},"author":18,"featured_media":0,"parent":0,"menu_order":0,"comment_status":"closed","ping_status":"closed","template":"","meta":{"footnotes":""},"class_list":["post-33660","page","type-page","status-publish","hentry"],"jetpack_sharing_enabled":true,"_links":{"self":[{"href":"https:\/\/naturapura.club\/it\/wp-json\/wp\/v2\/pages\/33660","targetHints":{"allow":["GET"]}}],"collection":[{"href":"https:\/\/naturapura.club\/it\/wp-json\/wp\/v2\/pages"}],"about":[{"href":"https:\/\/naturapura.club\/it\/wp-json\/wp\/v2\/types\/page"}],"author":[{"embeddable":true,"href":"https:\/\/naturapura.club\/it\/wp-json\/wp\/v2\/users\/18"}],"replies":[{"embeddable":true,"href":"https:\/\/naturapura.club\/it\/wp-json\/wp\/v2\/comments?post=33660"}],"version-history":[{"count":0,"href":"https:\/\/naturapura.club\/it\/wp-json\/wp\/v2\/pages\/33660\/revisions"}],"wp:attachment":[{"href":"https:\/\/naturapura.club\/it\/wp-json\/wp\/v2\/media?parent=33660"}],"curies":[{"name":"wp","href":"https:\/\/api.w.org\/{rel}","templated":true}]}}