{"id":28924,"date":"2020-06-12T13:35:07","date_gmt":"2020-06-12T13:35:07","guid":{"rendered":"https:\/\/naturapura.club\/?page_id=28924"},"modified":"2020-10-14T15:35:18","modified_gmt":"2020-10-14T15:35:18","slug":"sobre-nos-3","status":"publish","type":"page","link":"https:\/\/naturapura.club\/pt-pt\/sobre-nos-3\/","title":{"rendered":"Sobre N\u00f3s"},"content":{"rendered":"\n<div class=\"row\"  id=\"row-1508218273\">\n\n\n\t<div id=\"col-1880914418\" class=\"col medium-1 small-12 large-1\"  >\n\t\t\t\t<div class=\"col-inner\"  >\n\t\t\t\n\t\t\t\n\n\n\t\t<\/div>\n\t\t\t\t\t<\/div>\n\n\t\n\n\t<div id=\"col-1621251800\" class=\"col medium-10 small-12 large-10\"  >\n\t\t\t\t<div class=\"col-inner\"  >\n\t\t\t\n\t\t\t\n\n<h2><strong>Sobre N\u00f3s<\/strong><\/h2>\r\n<p style=\"text-align: justify;\">O nascimento de um beb\u00e9 \u00e9 um acontecimento \u00fanico e para tornar os seus primeiros meses de vida confort\u00e1veis e seguros nasceu a <strong>NaturaPura<\/strong>, em 1999.<\/p>\r\n<p style=\"text-align: justify;\">Uma marca que coloca a <strong>sa\u00fade do beb\u00e9<\/strong> em primeiro lugar, utilizando apenas <strong><a href=\"https:\/\/naturapura.club\/pt-pt\/o-nosso-algodao-organico\/\">algod\u00e3o 100% biol\u00f3gico, n\u00e3o tingido, ultranatural e sem qu\u00edmicos<\/a><\/strong>.<\/p>\r\n<p style=\"text-align: justify;\">O nosso vestu\u00e1rio \u00e9 ideal para as peles mais sens\u00edveis, mas n\u00e3o s\u00f3.<\/p>\r\n<p style=\"text-align: justify;\">Os nossos artigos s\u00e3o <strong>certificados<\/strong> com o R\u00f3tulo Ecol\u00f3gico Europeu e s\u00e3o <strong><a href=\"https:\/\/naturapura.club\/pt-pt\/eu-ecolabel-e-testes-dermatologicos\/\">testados dermatologicamente<\/a><\/strong>, comprovando assim que n\u00e3o cont\u00eam produtos t\u00f3xicos, n\u00e3o provocando qualquer irrita\u00e7\u00e3o na pele do beb\u00e9.<\/p>\r\n<p style=\"text-align: justify;\">Al\u00e9m disso, possuem v\u00e1rias caracter\u00edsticas importantes como, por exemplo, s\u00e3o cosidos unicamente com linhas 100% algod\u00e3o, as etiquetas s\u00e3o cosidas no exterior das pe\u00e7as e alguns dos nossos artigos n\u00e3o t\u00eam costuras.<\/p>\r\n<p style=\"text-align: justify;\">Especificidades e detalhes que muito contribuem para o <strong>bem-estar e conforto do seu beb\u00e9<\/strong>.<\/p>\r\n<p style=\"text-align: justify;\">Com a <strong>NaturaPura<\/strong> a <strong>pele e a sa\u00fade do seu beb\u00e9<\/strong> estar\u00e3o sempre protegidas. E o planeta tamb\u00e9m!<\/p>\n\n\t\t<\/div>\n\t\t\t\t\t<\/div>\n\n\t\n\n<\/div>\n","protected":false},"excerpt":{"rendered":"","protected":false},"author":18,"featured_media":0,"parent":0,"menu_order":0,"comment_status":"closed","ping_status":"closed","template":"","meta":{"footnotes":""},"class_list":["post-28924","page","type-page","status-publish","hentry"],"jetpack_sharing_enabled":true,"_links":{"self":[{"href":"https:\/\/naturapura.club\/pt-pt\/wp-json\/wp\/v2\/pages\/28924","targetHints":{"allow":["GET"]}}],"collection":[{"href":"https:\/\/naturapura.club\/pt-pt\/wp-json\/wp\/v2\/pages"}],"about":[{"href":"https:\/\/naturapura.club\/pt-pt\/wp-json\/wp\/v2\/types\/page"}],"author":[{"embeddable":true,"href":"https:\/\/naturapura.club\/pt-pt\/wp-json\/wp\/v2\/users\/18"}],"replies":[{"embeddable":true,"href":"https:\/\/naturapura.club\/pt-pt\/wp-json\/wp\/v2\/comments?post=28924"}],"version-history":[{"count":0,"href":"https:\/\/naturapura.club\/pt-pt\/wp-json\/wp\/v2\/pages\/28924\/revisions"}],"wp:attachment":[{"href":"https:\/\/naturapura.club\/pt-pt\/wp-json\/wp\/v2\/media?parent=28924"}],"curies":[{"name":"wp","href":"https:\/\/api.w.org\/{rel}","templated":true}]}}