{"id":28955,"date":"2020-06-12T15:07:35","date_gmt":"2020-06-12T15:07:35","guid":{"rendered":"https:\/\/naturapura.club\/resolucao-de-conflitos-2\/"},"modified":"2020-09-23T10:36:13","modified_gmt":"2020-09-23T10:36:13","slug":"resolucao-de-conflitos-2","status":"publish","type":"page","link":"https:\/\/naturapura.club\/pt-pt\/resolucao-de-conflitos-2\/","title":{"rendered":"Resolu\u00e7\u00e3o de Conflitos"},"content":{"rendered":"\n<div class=\"row\"  id=\"row-289258474\">\n\n\n\t<div id=\"col-878730712\" class=\"col medium-1 small-12 large-1\"  >\n\t\t\t\t<div class=\"col-inner\"  >\n\t\t\t\n\t\t\t\n\n\n\t\t<\/div>\n\t\t\t\t\t<\/div>\n\n\t\n\n\t<div id=\"col-1367954125\" class=\"col medium-10 small-12 large-10\"  >\n\t\t\t\t<div class=\"col-inner\"  >\n\t\t\t\n\t\t\t\n\n<h2 style=\"text-align:justify;\"><strong>Resolu\u00e7\u00e3o de Conflitos<\/strong><\/h2>\n<h3 style=\"text-align:justify;\"><strong>Disputas<\/strong><\/h3>\n<p style=\"text-align:justify;\">Em caso de disputa, dever\u00e1 procurar-se uma resolu\u00e7\u00e3o amig\u00e1vel, antes de encetar para a via legal.<\/p>\n<p style=\"text-align:justify;\">Para tal, pedimos que contacte, por favor, o Servi\u00e7o de Apoio ao Cliente do Website, enviando um email para o seguinte endere\u00e7o de email: <strong>eshop@naturapura.com<\/strong><\/p>\n<p style=\"text-align:justify;\">A NaturaPura privilegia o sistema de media\u00e7\u00e3o. O objetivo da media\u00e7\u00e3o \u00e9 procurar e proporcionar uma solu\u00e7\u00e3o amig\u00e1vel entre os Utilizadores e a Empresa, enquanto alternativa ao recurso a longas e custosas a\u00e7\u00f5es legais. Um Mediador \u00e9, por defini\u00e7\u00e3o, nem juiz nem \u00e1rbitro; \u00e9 um individuo neutro, imparcial e independente.<\/p>\n<h3 style=\"text-align:justify;\"><b>Justi\u00e7a R\u00e1pida, Simples e Acess\u00edvel a Todos<\/b><\/h3>\n<p style=\"text-align:justify;\">Em caso de lit\u00edgio, o consumidor pode recorrer \u00e0 Entidade de Resolu\u00e7\u00e3o.<\/p>\n<p style=\"text-align:justify;\">Alternativa de Lit\u00edgio de Consumos &#8211; RAL<\/p>\n<p style=\"text-align:justify;\"><strong>Centro de Arbitragem de Conflitos de Consumo do Porto<\/strong><\/p>\n<p style=\"text-align:justify;\">Rua Dami\u00e3o de G\u00f3is 31- Loja 6- 4050-255 Porto<\/p>\n<p style=\"text-align:justify;\"><strong>Email:<\/strong>&nbsp;<a href=\"mailto:cicap@mail.telepac.pt\">cicap@mail.telepac.pt<\/a>&nbsp;<strong>Site:<\/strong>&nbsp;<a href=\"http:\/\/www.cicap.pt\/\">www.cicap.pt<\/a><\/p>\n<p><strong>CIAB- Tribunal Arbitral de Consumo<\/strong><\/p>\n<p style=\"text-align:justify;\">Rua D. Afonso Henriques, 1 &#8211; 4700-030 Braga<\/p>\n<p style=\"text-align:justify;\"><strong>Email:<\/strong>&nbsp;<a href=\"mailto:geral@ciab.pt\">geral@ciab.pt<\/a>&nbsp;<strong>Site:&nbsp;<\/strong><a href=\"http:\/\/www.ciab.pt\/\">www.ciab.pt<\/a><\/p>\n<p><strong>Centro de Arbitragem de Conflitos de Consumo de Lisboa<\/strong><\/p>\n<p style=\"text-align:justify;\">Rua dos Douradores, n\u00ba 116 &#8211; 2\u00ba 1100 &#8211; 207 Lisboa<\/p>\n<p style=\"text-align:justify;\"><strong>Email:<\/strong>&nbsp;<u>director@centroarbitragemlisboa.pt&nbsp;<\/u><strong>Site:<\/strong>&nbsp;<a href=\"http:\/\/www.centroarbitragemlisboa.pt\/\">www.centroarbitragemlisboa.pt<\/a><\/p>\n<p style=\"text-align:justify;\"><strong>Centro de Arbitragem de Conflitos de Consumo do Distrito de Coimbra<\/strong><br>Av. Fern\u00e3o Magalh\u00e3es, N.\u00ba 240, 1\u00ba, 3000-172 &#8211; Coimbra<\/p>\n<p style=\"text-align:justify;\"><strong>Email:<\/strong>&nbsp;<a href=\"mailto:geral@centrodearbitragemdecoimbra.com\">geral@centrodearbitragemdecoimbra.com<\/a>&nbsp;<strong>Site:<\/strong>&nbsp;<a href=\"http:\/\/www.centroarbitragemdecoimbra.pt\/\">www.centroarbitragemdecoimbra.pt<\/a><\/p>\n<p><strong>Centro de Arb itragem de Consumo do Algarve<\/strong><br>Edif\u00edcio Ninho de Empresas, Estrada da Penha, 8005-131 Faro<br><strong>Email:&nbsp;<\/strong><a href=\"mailto:info@consumoalgarve.pt\">info@consumoalgarve.pt<\/a>&nbsp;<strong>Site:<\/strong><u>www.consumoalgarve.pt<\/u><\/p>\n<p>For further information please vist:<a href=\"http:\/\/www.consumidor.pt\/\">www.consumidor.pt<\/a><\/p>\n<p>Lei n\u00ba 144\/2015 de 8 de Setembro de 2015<\/p>\n\n\t\t<\/div>\n\t\t\t\t\t<\/div>\n\n\t\n\n<\/div>\n","protected":false},"excerpt":{"rendered":"","protected":false},"author":18,"featured_media":0,"parent":0,"menu_order":0,"comment_status":"closed","ping_status":"closed","template":"","meta":{"footnotes":""},"class_list":["post-28955","page","type-page","status-publish","hentry"],"jetpack_sharing_enabled":true,"_links":{"self":[{"href":"https:\/\/naturapura.club\/pt-pt\/wp-json\/wp\/v2\/pages\/28955","targetHints":{"allow":["GET"]}}],"collection":[{"href":"https:\/\/naturapura.club\/pt-pt\/wp-json\/wp\/v2\/pages"}],"about":[{"href":"https:\/\/naturapura.club\/pt-pt\/wp-json\/wp\/v2\/types\/page"}],"author":[{"embeddable":true,"href":"https:\/\/naturapura.club\/pt-pt\/wp-json\/wp\/v2\/users\/18"}],"replies":[{"embeddable":true,"href":"https:\/\/naturapura.club\/pt-pt\/wp-json\/wp\/v2\/comments?post=28955"}],"version-history":[{"count":0,"href":"https:\/\/naturapura.club\/pt-pt\/wp-json\/wp\/v2\/pages\/28955\/revisions"}],"wp:attachment":[{"href":"https:\/\/naturapura.club\/pt-pt\/wp-json\/wp\/v2\/media?parent=28955"}],"curies":[{"name":"wp","href":"https:\/\/api.w.org\/{rel}","templated":true}]}}