{"id":29220,"date":"2020-06-15T21:25:43","date_gmt":"2020-06-15T21:25:43","guid":{"rendered":"https:\/\/naturapura.club\/loja-2\/"},"modified":"2026-02-12T17:37:37","modified_gmt":"2026-02-12T17:37:37","slug":"loja-2","status":"publish","type":"page","link":"https:\/\/naturapura.club\/pt-pt\/","title":{"rendered":"Home"},"content":{"rendered":"\n<div class=\"row\"  id=\"row-833335564\">\n\n\n\t<div id=\"col-837299471\" class=\"col small-12 large-12\"  >\n\t\t\t\t<div class=\"col-inner\"  >\n\t\t\t\n\t\t\t\n\n<div class=\"is-divider divider clearfix\" style=\"max-width:34px;height:18px;background-color:rgba(0, 0, 0, 0);\"><\/div>\n\n\n  <div class=\"banner has-hover\" id=\"banner-1921955208\">\n          <div class=\"banner-inner fill\">\n        <div class=\"banner-bg fill\" >\n            <img loading=\"lazy\" decoding=\"async\" width=\"1020\" height=\"680\" src=\"https:\/\/i0.wp.com\/naturapura.club\/wp-content\/uploads\/2026\/02\/599-scaled.jpg?fit=1020%2C680&amp;ssl=1\" class=\"bg attachment-large size-large\" alt=\"\" \/>                                    \n                    <\/div>\n\t\t\n        <div class=\"banner-layers container\">\n            <div class=\"fill banner-link\"><\/div>            \n\n\t<div class=\"img has-hover x95 md-x95 lg-x95 y95 md-y95 lg-y95\" id=\"image_1202175609\">\n\t\t<a class=\"\" href=\"http:\/\/ec.europa.eu\/ecat\/products\/en\/21992\/naturapura-iberica---prod\" >\t\t\t\t\t\t<div class=\"img-inner dark\" >\n\t\t\t<img loading=\"lazy\" decoding=\"async\" width=\"356\" height=\"353\" src=\"https:\/\/i0.wp.com\/naturapura.club\/wp-content\/uploads\/2019\/12\/ECOLABEL_SEM-FUNDO.png?fit=356%2C353&amp;ssl=1\" class=\"attachment-large size-large\" alt=\"\" srcset=\"https:\/\/i0.wp.com\/naturapura.club\/wp-content\/uploads\/2019\/12\/ECOLABEL_SEM-FUNDO.png?w=356&amp;ssl=1 356w, https:\/\/i0.wp.com\/naturapura.club\/wp-content\/uploads\/2019\/12\/ECOLABEL_SEM-FUNDO.png?resize=100%2C100&amp;ssl=1 100w, https:\/\/i0.wp.com\/naturapura.club\/wp-content\/uploads\/2019\/12\/ECOLABEL_SEM-FUNDO.png?resize=300%2C297&amp;ssl=1 300w, https:\/\/i0.wp.com\/naturapura.club\/wp-content\/uploads\/2019\/12\/ECOLABEL_SEM-FUNDO.png?resize=150%2C150&amp;ssl=1 150w\" sizes=\"auto, (max-width: 356px) 100vw, 356px\" \/>\t\t\t\t\t\t\n\t\t\t\t\t<\/div>\n\t\t\t\t\t\t<\/a>\t\t\n<style>\n#image_1202175609 {\n  width: 16%;\n}\n@media (min-width:550px) {\n  #image_1202175609 {\n    width: 8%;\n  }\n}\n<\/style>\n\t<\/div>\n\t\n\n   <div id=\"text-box-1134525914\" class=\"text-box banner-layer x50 md-x5 lg-x5 y5 md-y5 lg-y10 res-text\">\n                                <div class=\"text-box-content text dark\">\n              \n              <div class=\"text-inner text-left\">\n                  \n\n<h3><span style=\"color: #f0d7b9; font-size: 120%;\">100% Algod\u00e3o Org\u00e2nico<\/span><\/h3>\n<h3><span style=\"color: #f0d7b9;\">(desde 1999)<\/span><\/h3>\n<h3><span style=\"color: #f0d7b9; font-size: 60%;\">(Este \u00e9 o nosso website de venda ao retalho!)<\/span><\/h3>\n<a href=\"https:\/\/naturapura.club\/pt-pt\/retailer-login\/\" class=\"button white lowercase\" style=\"border-radius:99px;\">\n\t\t<span>Entrar\/Registar-se<\/span>\n\t<\/a>\n\n\n\n              <\/div>\n           <\/div>\n                            \n<style>\n#text-box-1134525914 {\n  width: 93%;\n}\n#text-box-1134525914 .text-box-content {\n  font-size: 100%;\n}\n@media (min-width:550px) {\n  #text-box-1134525914 {\n    width: 56%;\n  }\n}\n@media (min-width:850px) {\n  #text-box-1134525914 {\n    width: 45%;\n  }\n}\n<\/style>\n    <\/div>\n \n\n        <\/div>\n      <\/div>\n\n            \n<style>\n#banner-1921955208 {\n  padding-top: 384px;\n}\n#banner-1921955208 .banner-bg img {\n  object-position: 47% 0%;\n}\n@media (min-width:550px) {\n  #banner-1921955208 {\n    padding-top: 611px;\n  }\n}\n<\/style>\n  <\/div>\n\n\n\n\t\t<\/div>\n\t\t\t\t\t<\/div>\n\n\t\n\n<\/div>\n<div class=\"row\"  id=\"row-1982344875\">\n\n\n\t<div id=\"col-1875144729\" class=\"col medium-5 small-12 large-5\"  >\n\t\t\t\t<div class=\"col-inner\"  >\n\t\t\t\n\t\t\t\n\n<div class=\"slider-wrapper relative\" id=\"slider-332260658\" >\n    <div class=\"slider slider-nav-circle slider-nav-large slider-nav-light slider-style-normal\"\n        data-flickity-options='{\n            \"cellAlign\": \"center\",\n            \"imagesLoaded\": true,\n            \"lazyLoad\": 1,\n            \"freeScroll\": false,\n            \"wrapAround\": true,\n            \"autoPlay\": 6000,\n            \"pauseAutoPlayOnHover\" : true,\n            \"prevNextButtons\": true,\n            \"contain\" : true,\n            \"adaptiveHeight\" : true,\n            \"dragThreshold\" : 10,\n            \"percentPosition\": true,\n            \"pageDots\": true,\n            \"rightToLeft\": false,\n            \"draggable\": true,\n            \"selectedAttraction\": 0.1,\n            \"parallax\" : 0,\n            \"friction\": 0.6        }'\n        >\n        \n\n\n  <div class=\"banner has-hover\" id=\"banner-203251624\">\n          <div class=\"banner-inner fill\">\n        <div class=\"banner-bg fill\" >\n            <img loading=\"lazy\" decoding=\"async\" width=\"1020\" height=\"1020\" src=\"https:\/\/i0.wp.com\/naturapura.club\/wp-content\/uploads\/2024\/05\/5022002-1.jpg?fit=1020%2C1020&amp;ssl=1\" class=\"bg attachment-large size-large\" alt=\"\" \/>                        <div class=\"overlay\"><\/div>            \n                    <\/div>\n\t\t\n        <div class=\"banner-layers container\">\n            <div class=\"fill banner-link\"><\/div>            \n\n   <div id=\"text-box-2080099994\" class=\"text-box banner-layer x50 md-x50 lg-x50 y50 md-y50 lg-y50 res-text\">\n                                <div class=\"text-box-content text dark\">\n              \n              <div class=\"text-inner text-center\">\n                  \n\n<h3 class=\"uppercase\" style=\"color: #8c563a; font-size: 25px; text-align: center;\">Peluches naturapura<\/h3>\n<\/p>\n<h4 style=\"font-style: inherit; font-variant: inherit; font-weight: inherit; font-stretch: inherit; line-height: inherit; font-family: inherit; font-size: 16px; color: #4f4f4f; text-align: center;\">Os nossos brinquedos s\u00e3o cuidadosamente desenhados e testados para garantir que s\u00e3o 100% seguros para o seu beb\u00e9.<br \/>\nDesenvolvemos peluches com algod\u00e3o 100% biol\u00f3gico nas suas cores naturais, sem tingimentos, qu\u00edmicos e aplica\u00e7\u00f5es.<\/h4>\n<a href=\"https:\/\/naturapura.club\/product-category\/toys\/\" class=\"button primary is-outline is-large lowercase\" style=\"border-radius:99px;\">\n\t\t<span>COMPRAR<\/span>\n\t<\/a>\n\n\n\n              <\/div>\n           <\/div>\n                            \n<style>\n#text-box-2080099994 {\n  width: 96%;\n}\n#text-box-2080099994 .text-box-content {\n  font-size: 100%;\n}\n@media (min-width:850px) {\n  #text-box-2080099994 {\n    width: 60%;\n  }\n}\n<\/style>\n    <\/div>\n \n\n        <\/div>\n      <\/div>\n\n            \n<style>\n#banner-203251624 {\n  padding-top: 460px;\n  background-color: rgb(246, 244, 244);\n}\n#banner-203251624 .overlay {\n  background-color: rgba(255, 255, 255, 0.523);\n}\n<\/style>\n  <\/div>\n\n\n\n  <div class=\"banner has-hover\" id=\"banner-154407301\">\n          <div class=\"banner-inner fill\">\n        <div class=\"banner-bg fill\" >\n                                                \n                    <\/div>\n\t\t\n        <div class=\"banner-layers container\">\n            <div class=\"fill banner-link\"><\/div>            \n\n   <div id=\"text-box-2025642675\" class=\"text-box banner-layer x50 md-x50 lg-x50 y50 md-y50 lg-y50 res-text\">\n                                <div class=\"text-box-content text dark\">\n              \n              <div class=\"text-inner text-center\">\n                  \n\n<h3 class=\"uppercase\" style=\"color: #8c563a; font-size: 25px; text-align: center;\">Partilhe os seus produtos Favoritos<\/h3>\n<\/p>\n<h4 style=\"font-style: inherit; font-variant: inherit; font-weight: inherit; font-stretch: inherit; line-height: inherit; font-family: inherit; font-size: 16px; color: #4f4f4f; text-align: center;\">Registe-se no nosso site e crie uma lista com os produtos que mais gosta. Poder\u00e1 depois partilhar com amigos e familiares, assim saber\u00e3o o que lhe oferecer.<\/h4>\n\n              <\/div>\n           <\/div>\n                            \n<style>\n#text-box-2025642675 {\n  width: 99%;\n}\n#text-box-2025642675 .text-box-content {\n  font-size: 100%;\n}\n@media (min-width:850px) {\n  #text-box-2025642675 {\n    width: 60%;\n  }\n}\n<\/style>\n    <\/div>\n \n\n        <\/div>\n      <\/div>\n\n            \n<style>\n#banner-154407301 {\n  padding-top: 460px;\n  background-color: rgb(246, 244, 244);\n}\n<\/style>\n  <\/div>\n\n\n\n     <\/div>\n\n     <div class=\"loading-spin dark large centered\"><\/div>\n\n\t<\/div>\n\n\n\n\t\t<\/div>\n\t\t\t\t\t<\/div>\n\n\t\n\n\t<div id=\"col-514302037\" class=\"col medium-7 small-12 large-7\"  >\n\t\t\t\t<div class=\"col-inner\"  >\n\t\t\t\n\t\t\t\n\n\n  <div class=\"banner has-hover\" id=\"banner-1063205294\">\n          <div class=\"banner-inner fill\">\n        <div class=\"banner-bg fill\" >\n            <img loading=\"lazy\" decoding=\"async\" width=\"1020\" height=\"680\" src=\"https:\/\/i0.wp.com\/naturapura.club\/wp-content\/uploads\/2022\/03\/1636-scaled.jpg?fit=1020%2C680&amp;ssl=1\" class=\"bg attachment-large size-large\" alt=\"\" \/>                        <div class=\"overlay\"><\/div>            \n                    <\/div>\n\t\t\n        <div class=\"banner-layers container\">\n            <a class=\"fill\" href=\"https:\/\/naturapura.club\/pt-pt\/produto\/manta-personalizada\/\"><div class=\"fill banner-link\"><\/div><\/a>            \n\n   <div id=\"text-box-1892511504\" class=\"text-box banner-layer x50 md-x15 lg-x5 y0 md-y100 lg-y5 res-text\">\n                                <div class=\"text-box-content text \">\n              \n              <div class=\"text-inner text-left\">\n                  \n\n\t<div id=\"text-2806768090\" class=\"text\">\n\t\t\n\n<p style=\"font-style: inherit; font-variant: inherit; font-stretch: inherit; line-height: inherit; font-family: inherit; font-size: 14px; color: #696969; font-weight: bold; text-align: center;\"><span style=\"color: #e6d8c5; font-size: 120%;\">Personalize uma manta com o nome do beb\u00e9.<\/span><\/p>\n\t\t\n<style>\n#text-2806768090 {\n  color: #757575;\n}\n#text-2806768090 > * {\n  color: #757575;\n}\n<\/style>\n\t<\/div>\n\t\n\n              <\/div>\n           <\/div>\n                            \n<style>\n#text-box-1892511504 {\n  width: 82%;\n}\n#text-box-1892511504 .text-box-content {\n  font-size: 100%;\n}\n@media (min-width:550px) {\n  #text-box-1892511504 {\n    width: 98%;\n  }\n}\n@media (min-width:850px) {\n  #text-box-1892511504 {\n    width: 38%;\n  }\n}\n<\/style>\n    <\/div>\n \n\n        <\/div>\n      <\/div>\n\n            \n<style>\n#banner-1063205294 {\n  padding-top: 460px;\n  background-color: rgb(255, 255, 255);\n}\n#banner-1063205294 .overlay {\n  background-color: rgba(190, 190, 190, 0.2);\n}\n#banner-1063205294 .banner-bg img {\n  object-position: 19% 21%;\n}\n<\/style>\n  <\/div>\n\n\n\n\t\t<\/div>\n\t\t\t\t\t<\/div>\n\n\t\n\n<\/div>\n<div class=\"row\"  id=\"row-1291440647\">\n\n\n\t<div id=\"col-20174717\" class=\"col medium-7 small-12 large-7\"  >\n\t\t\t\t<div class=\"col-inner\"  >\n\t\t\t\n\t\t\t\n\n\t<div class=\"img has-hover x md-x lg-x y md-y lg-y\" id=\"image_2143510065\">\n\t\t<a class=\"\" href=\"https:\/\/naturapura.club\/pt-pt\/produto\/babygrow-cookies-c-fecho\/\" >\t\t\t\t\t\t<div class=\"img-inner image-cover dark\" style=\"padding-top:300px;\">\n\t\t\t<img loading=\"lazy\" decoding=\"async\" width=\"1020\" height=\"680\" src=\"https:\/\/i0.wp.com\/naturapura.club\/wp-content\/uploads\/2026\/02\/227-scaled.jpg?fit=1020%2C680&amp;ssl=1\" class=\"attachment-large size-large\" alt=\"\" srcset=\"https:\/\/i0.wp.com\/naturapura.club\/wp-content\/uploads\/2026\/02\/227-scaled.jpg?w=2560&amp;ssl=1 2560w, https:\/\/i0.wp.com\/naturapura.club\/wp-content\/uploads\/2026\/02\/227-scaled.jpg?resize=300%2C200&amp;ssl=1 300w, https:\/\/i0.wp.com\/naturapura.club\/wp-content\/uploads\/2026\/02\/227-scaled.jpg?resize=1024%2C683&amp;ssl=1 1024w, https:\/\/i0.wp.com\/naturapura.club\/wp-content\/uploads\/2026\/02\/227-scaled.jpg?resize=768%2C512&amp;ssl=1 768w, https:\/\/i0.wp.com\/naturapura.club\/wp-content\/uploads\/2026\/02\/227-scaled.jpg?resize=1536%2C1025&amp;ssl=1 1536w, https:\/\/i0.wp.com\/naturapura.club\/wp-content\/uploads\/2026\/02\/227-scaled.jpg?resize=2048%2C1366&amp;ssl=1 2048w\" sizes=\"auto, (max-width: 1020px) 100vw, 1020px\" \/>\t\t\t\t\t\t\n\t\t\t\t\t<\/div>\n\t\t\t\t\t\t<\/a>\t\t\n<style>\n#image_2143510065 {\n  width: 100%;\n}\n<\/style>\n\t<\/div>\n\t\n\n\n\t\t<\/div>\n\t\t\t\t\t<\/div>\n\n\t\n\n\t<div id=\"col-1637292788\" class=\"col medium-5 small-12 large-5\"  >\n\t\t\t\t<div class=\"col-inner\"  >\n\t\t\t\n\t\t\t\n\n\t<div class=\"img has-hover x md-x lg-x y md-y lg-y\" id=\"image_1104890701\">\n\t\t<a class=\"\" href=\"https:\/\/naturapura.club\/pt-pt\/produto\/gorro-em-trico-c-pompons\/\" >\t\t\t\t\t\t<div class=\"img-inner image-cover dark\" style=\"padding-top:300px;margin:0pxx 0px 0px 0px;\">\n\t\t\t<img loading=\"lazy\" decoding=\"async\" width=\"1020\" height=\"680\" src=\"https:\/\/i0.wp.com\/naturapura.club\/wp-content\/uploads\/2026\/02\/195-scaled.jpg?fit=1020%2C680&amp;ssl=1\" class=\"attachment-large size-large\" alt=\"\" srcset=\"https:\/\/i0.wp.com\/naturapura.club\/wp-content\/uploads\/2026\/02\/195-scaled.jpg?w=2560&amp;ssl=1 2560w, https:\/\/i0.wp.com\/naturapura.club\/wp-content\/uploads\/2026\/02\/195-scaled.jpg?resize=300%2C200&amp;ssl=1 300w, https:\/\/i0.wp.com\/naturapura.club\/wp-content\/uploads\/2026\/02\/195-scaled.jpg?resize=1024%2C683&amp;ssl=1 1024w, https:\/\/i0.wp.com\/naturapura.club\/wp-content\/uploads\/2026\/02\/195-scaled.jpg?resize=768%2C512&amp;ssl=1 768w, https:\/\/i0.wp.com\/naturapura.club\/wp-content\/uploads\/2026\/02\/195-scaled.jpg?resize=1536%2C1025&amp;ssl=1 1536w, https:\/\/i0.wp.com\/naturapura.club\/wp-content\/uploads\/2026\/02\/195-scaled.jpg?resize=2048%2C1366&amp;ssl=1 2048w\" sizes=\"auto, (max-width: 1020px) 100vw, 1020px\" \/>\t\t\t\t\t\t\n\t\t\t\t\t<\/div>\n\t\t\t\t\t\t<\/a>\t\t\n<style>\n#image_1104890701 {\n  width: 100%;\n}\n<\/style>\n\t<\/div>\n\t\n\n\n\t\t<\/div>\n\t\t\t\t\t<\/div>\n\n\t\n\n<\/div>\n<div class=\"row\"  id=\"row-2006827350\">\n\n\n\t<div id=\"col-119442829\" class=\"col medium-5 small-12 large-5\"  >\n\t\t\t\t<div class=\"col-inner\"  >\n\t\t\t\n\t\t\t\n\n\t<div class=\"img has-hover x md-x lg-x y md-y lg-y\" id=\"image_1555780574\">\n\t\t<a class=\"\" href=\"https:\/\/naturapura.club\/pt-pt\/produto\/vestido-em-trico-jacquard\/\" >\t\t\t\t\t\t<div class=\"img-inner image-cover dark\" style=\"padding-top:300px;\">\n\t\t\t<img loading=\"lazy\" decoding=\"async\" width=\"1020\" height=\"680\" src=\"https:\/\/i0.wp.com\/naturapura.club\/wp-content\/uploads\/2026\/02\/435-scaled.jpg?fit=1020%2C680&amp;ssl=1\" class=\"attachment-large size-large\" alt=\"\" srcset=\"https:\/\/i0.wp.com\/naturapura.club\/wp-content\/uploads\/2026\/02\/435-scaled.jpg?w=2560&amp;ssl=1 2560w, https:\/\/i0.wp.com\/naturapura.club\/wp-content\/uploads\/2026\/02\/435-scaled.jpg?resize=300%2C200&amp;ssl=1 300w, https:\/\/i0.wp.com\/naturapura.club\/wp-content\/uploads\/2026\/02\/435-scaled.jpg?resize=1024%2C683&amp;ssl=1 1024w, https:\/\/i0.wp.com\/naturapura.club\/wp-content\/uploads\/2026\/02\/435-scaled.jpg?resize=768%2C512&amp;ssl=1 768w, https:\/\/i0.wp.com\/naturapura.club\/wp-content\/uploads\/2026\/02\/435-scaled.jpg?resize=1536%2C1025&amp;ssl=1 1536w, https:\/\/i0.wp.com\/naturapura.club\/wp-content\/uploads\/2026\/02\/435-scaled.jpg?resize=2048%2C1366&amp;ssl=1 2048w\" sizes=\"auto, (max-width: 1020px) 100vw, 1020px\" \/>\t\t\t\t\t\t\n\t\t\t\t\t<\/div>\n\t\t\t\t\t\t<\/a>\t\t\n<style>\n#image_1555780574 {\n  width: 100%;\n}\n<\/style>\n\t<\/div>\n\t\n\n\n\t\t<\/div>\n\t\t\t\t\t<\/div>\n\n\t\n\n\t<div id=\"col-908272844\" class=\"col medium-7 small-12 large-7\"  >\n\t\t\t\t<div class=\"col-inner\"  >\n\t\t\t\n\t\t\t\n\n\t<div class=\"img has-hover x md-x lg-x y md-y lg-y\" id=\"image_1428168807\">\n\t\t<a class=\"\" href=\"https:\/\/naturapura.club\/pt-pt\/produto\/casaco-c-capuz-em-trico\/\" >\t\t\t\t\t\t<div class=\"img-inner image-cover dark\" style=\"padding-top:300px;\">\n\t\t\t<img loading=\"lazy\" decoding=\"async\" width=\"1020\" height=\"680\" src=\"https:\/\/i0.wp.com\/naturapura.club\/wp-content\/uploads\/2026\/02\/955-scaled.jpg?fit=1020%2C680&amp;ssl=1\" class=\"attachment-large size-large\" alt=\"\" srcset=\"https:\/\/i0.wp.com\/naturapura.club\/wp-content\/uploads\/2026\/02\/955-scaled.jpg?w=2560&amp;ssl=1 2560w, https:\/\/i0.wp.com\/naturapura.club\/wp-content\/uploads\/2026\/02\/955-scaled.jpg?resize=300%2C200&amp;ssl=1 300w, https:\/\/i0.wp.com\/naturapura.club\/wp-content\/uploads\/2026\/02\/955-scaled.jpg?resize=1024%2C683&amp;ssl=1 1024w, https:\/\/i0.wp.com\/naturapura.club\/wp-content\/uploads\/2026\/02\/955-scaled.jpg?resize=768%2C512&amp;ssl=1 768w, https:\/\/i0.wp.com\/naturapura.club\/wp-content\/uploads\/2026\/02\/955-scaled.jpg?resize=1536%2C1025&amp;ssl=1 1536w, https:\/\/i0.wp.com\/naturapura.club\/wp-content\/uploads\/2026\/02\/955-scaled.jpg?resize=2048%2C1366&amp;ssl=1 2048w\" sizes=\"auto, (max-width: 1020px) 100vw, 1020px\" \/>\t\t\t\t\t\t\n\t\t\t\t\t<\/div>\n\t\t\t\t\t\t<\/a>\t\t\n<style>\n#image_1428168807 {\n  width: 100%;\n}\n<\/style>\n\t<\/div>\n\t\n\n\n\t\t<\/div>\n\t\t\t\t\t<\/div>\n\n\t\n\n<\/div>\n<div class=\"social-icons follow-icons full-width text-center\" style=\"font-size:127%\"><a href=\"https:\/\/www.facebook.com\/naturapura.pt\" target=\"_blank\" data-label=\"Facebook\" class=\"icon button circle is-outline tooltip facebook\" title=\"Follow on Facebook\" aria-label=\"Follow on Facebook\" rel=\"noopener nofollow\"><i class=\"icon-facebook\" aria-hidden=\"true\"><\/i><\/a><a href=\"https:\/\/www.instagram.com\/naturapura\/\" target=\"_blank\" data-label=\"Instagram\" class=\"icon button circle is-outline tooltip instagram\" title=\"Follow on Instagram\" aria-label=\"Follow on Instagram\" rel=\"noopener nofollow\"><i class=\"icon-instagram\" aria-hidden=\"true\"><\/i><\/a><\/div>\n\n\n","protected":false},"excerpt":{"rendered":"","protected":false},"author":18,"featured_media":0,"parent":0,"menu_order":0,"comment_status":"closed","ping_status":"closed","template":"","meta":{"footnotes":""},"class_list":["post-29220","page","type-page","status-publish","hentry"],"jetpack_sharing_enabled":true,"_links":{"self":[{"href":"https:\/\/naturapura.club\/pt-pt\/wp-json\/wp\/v2\/pages\/29220","targetHints":{"allow":["GET"]}}],"collection":[{"href":"https:\/\/naturapura.club\/pt-pt\/wp-json\/wp\/v2\/pages"}],"about":[{"href":"https:\/\/naturapura.club\/pt-pt\/wp-json\/wp\/v2\/types\/page"}],"author":[{"embeddable":true,"href":"https:\/\/naturapura.club\/pt-pt\/wp-json\/wp\/v2\/users\/18"}],"replies":[{"embeddable":true,"href":"https:\/\/naturapura.club\/pt-pt\/wp-json\/wp\/v2\/comments?post=29220"}],"version-history":[{"count":3,"href":"https:\/\/naturapura.club\/pt-pt\/wp-json\/wp\/v2\/pages\/29220\/revisions"}],"predecessor-version":[{"id":74006,"href":"https:\/\/naturapura.club\/pt-pt\/wp-json\/wp\/v2\/pages\/29220\/revisions\/74006"}],"wp:attachment":[{"href":"https:\/\/naturapura.club\/pt-pt\/wp-json\/wp\/v2\/media?parent=29220"}],"curies":[{"name":"wp","href":"https:\/\/api.w.org\/{rel}","templated":true}]}}